{"id":2341,"date":"2020-10-25T16:49:24","date_gmt":"2020-10-25T16:49:24","guid":{"rendered":"https:\/\/l-i-g.net\/?page_id=2341"},"modified":"2020-12-16T01:34:52","modified_gmt":"2020-12-16T01:34:52","slug":"profil-gz","status":"publish","type":"page","link":"https:\/\/l-i-g.net\/en\/profil-gz\/","title":{"rendered":"Profil GZ"},"content":{"rendered":"<div data-elementor-type=\"wp-page\" data-elementor-id=\"2341\" class=\"elementor elementor-2341\" data-elementor-post-type=\"page\">\n\t\t\t\t\t\t<section class=\"elementor-section elementor-top-section elementor-element elementor-element-4c278d15 elementor-section-boxed elementor-section-height-default elementor-section-height-default\" data-id=\"4c278d15\" data-element_type=\"section\" data-e-type=\"section\">\n\t\t\t\t\t\t<div class=\"elementor-container elementor-column-gap-default\">\n\t\t\t\t\t<div class=\"elementor-column elementor-col-100 elementor-top-column elementor-element elementor-element-12269cb8\" data-id=\"12269cb8\" data-element_type=\"column\" data-e-type=\"column\">\n\t\t\t<div class=\"elementor-widget-wrap elementor-element-populated\">\n\t\t\t\t\t\t<div class=\"elementor-element elementor-element-10ea45cf elementor-widget elementor-widget-heading\" data-id=\"10ea45cf\" data-element_type=\"widget\" data-e-type=\"widget\" data-widget_type=\"heading.default\">\n\t\t\t\t<div class=\"elementor-widget-container\">\n\t\t\t\t\t<h2 class=\"elementor-heading-title elementor-size-default\">Professional Curriculum Vitae<\/h2>\t\t\t\t<\/div>\n\t\t\t\t<\/div>\n\t\t\t\t\t<\/div>\n\t\t<\/div>\n\t\t\t\t\t<\/div>\n\t\t<\/section>\n\t\t\t\t<section class=\"elementor-section elementor-top-section elementor-element elementor-element-3f127851 elementor-section-height-min-height elementor-section-items-stretch elementor-section-content-middle elementor-reverse-mobile elementor-reverse-tablet elementor-section-boxed elementor-section-height-default\" data-id=\"3f127851\" data-element_type=\"section\" data-e-type=\"section\">\n\t\t\t\t\t\t<div class=\"elementor-container elementor-column-gap-default\">\n\t\t\t\t\t<div class=\"elementor-column elementor-col-50 elementor-top-column elementor-element elementor-element-63275022\" data-id=\"63275022\" data-element_type=\"column\" data-e-type=\"column\">\n\t\t\t<div class=\"elementor-widget-wrap elementor-element-populated\">\n\t\t\t\t\t\t<div class=\"elementor-element elementor-element-3d163af1 animated-fast elementor-invisible elementor-widget elementor-widget-heading\" data-id=\"3d163af1\" data-element_type=\"widget\" data-e-type=\"widget\" data-settings=\"{&quot;_animation&quot;:&quot;fadeIn&quot;}\" data-widget_type=\"heading.default\">\n\t\t\t\t<div class=\"elementor-widget-container\">\n\t\t\t\t\t<h1 class=\"elementor-heading-title elementor-size-default\">Gunter Zeugner<\/h1>\t\t\t\t<\/div>\n\t\t\t\t<\/div>\n\t\t\t\t<div class=\"elementor-element elementor-element-74110545 elementor-invisible elementor-widget elementor-widget-heading\" data-id=\"74110545\" data-element_type=\"widget\" data-e-type=\"widget\" data-settings=\"{&quot;_animation&quot;:&quot;fadeIn&quot;}\" data-widget_type=\"heading.default\">\n\t\t\t\t<div class=\"elementor-widget-container\">\n\t\t\t\t\t<h4 class=\"elementor-heading-title elementor-size-default\">Dipl.-Ing.<\/h4>\t\t\t\t<\/div>\n\t\t\t\t<\/div>\n\t\t\t\t<div class=\"elementor-element elementor-element-747568d3 elementor-invisible elementor-widget elementor-widget-text-editor\" data-id=\"747568d3\" data-element_type=\"widget\" data-e-type=\"widget\" data-settings=\"{&quot;_animation&quot;:&quot;fadeIn&quot;}\" data-widget_type=\"text-editor.default\">\n\t\t\t\t<div class=\"elementor-widget-container\">\n\t\t\t\t\t\t\t\t\t<p>\"Personalities are not formed by beautiful speeches, but by work and own achievement.\"<br \/>(Albert Einstein)<\/p>\t\t\t\t\t\t\t\t<\/div>\n\t\t\t\t<\/div>\n\t\t\t\t\t<\/div>\n\t\t<\/div>\n\t\t\t\t<div class=\"elementor-column elementor-col-50 elementor-top-column elementor-element elementor-element-741a14c4\" data-id=\"741a14c4\" data-element_type=\"column\" data-e-type=\"column\" data-settings=\"{&quot;background_background&quot;:&quot;classic&quot;}\">\n\t\t\t<div class=\"elementor-widget-wrap elementor-element-populated\">\n\t\t\t\t\t\t<div class=\"elementor-element elementor-element-7c8670e3 elementor-widget elementor-widget-image\" data-id=\"7c8670e3\" data-element_type=\"widget\" data-e-type=\"widget\" data-widget_type=\"image.default\">\n\t\t\t\t<div class=\"elementor-widget-container\">\n\t\t\t\t\t\t\t\t\t\t\t\t\t\t\t\t<a href=\"https:\/\/l-i-g.net\/wp-content\/uploads\/2020\/12\/Zeugner-Gunter_klein-scaled.jpg\" data-elementor-open-lightbox=\"yes\" data-elementor-lightbox-title=\"Zeugner Gunter_klein\" data-e-action-hash=\"#elementor-action%3Aaction%3Dlightbox%26settings%3DeyJpZCI6NDM3MywidXJsIjoiaHR0cHM6XC9cL2wtaS1nLm5ldFwvd3AtY29udGVudFwvdXBsb2Fkc1wvMjAyMFwvMTJcL1pldWduZXItR3VudGVyX2tsZWluLXNjYWxlZC5qcGcifQ%3D%3D\">\n\t\t\t\t\t\t\t<img fetchpriority=\"high\" decoding=\"async\" width=\"200\" height=\"300\" src=\"https:\/\/l-i-g.net\/wp-content\/uploads\/2020\/12\/Zeugner-Gunter_klein-200x300.jpg\" class=\"attachment-medium size-medium wp-image-4373\" alt=\"\" srcset=\"https:\/\/l-i-g.net\/wp-content\/uploads\/2020\/12\/Zeugner-Gunter_klein-200x300.jpg 200w, https:\/\/l-i-g.net\/wp-content\/uploads\/2020\/12\/Zeugner-Gunter_klein-682x1024.jpg 682w, https:\/\/l-i-g.net\/wp-content\/uploads\/2020\/12\/Zeugner-Gunter_klein-768x1154.jpg 768w, https:\/\/l-i-g.net\/wp-content\/uploads\/2020\/12\/Zeugner-Gunter_klein-1022x1536.jpg 1022w, https:\/\/l-i-g.net\/wp-content\/uploads\/2020\/12\/Zeugner-Gunter_klein-1363x2048.jpg 1363w, https:\/\/l-i-g.net\/wp-content\/uploads\/2020\/12\/Zeugner-Gunter_klein-8x12.jpg 8w, https:\/\/l-i-g.net\/wp-content\/uploads\/2020\/12\/Zeugner-Gunter_klein-scaled.jpg 1704w\" sizes=\"(max-width: 200px) 100vw, 200px\" \/>\t\t\t\t\t\t\t\t<\/a>\n\t\t\t\t\t\t\t\t\t\t\t\t\t\t\t<\/div>\n\t\t\t\t<\/div>\n\t\t\t\t\t<\/div>\n\t\t<\/div>\n\t\t\t\t\t<\/div>\n\t\t<\/section>\n\t\t\t\t<section class=\"elementor-section elementor-top-section elementor-element elementor-element-36c70653 elementor-section-items-stretch elementor-section-content-bottom elementor-section-height-min-height elementor-section-boxed elementor-section-height-default\" data-id=\"36c70653\" data-element_type=\"section\" data-e-type=\"section\" id=\"CV\">\n\t\t\t\t\t\t<div class=\"elementor-container elementor-column-gap-default\">\n\t\t\t\t\t<div class=\"elementor-column elementor-col-100 elementor-top-column elementor-element elementor-element-33a93e85\" data-id=\"33a93e85\" data-element_type=\"column\" data-e-type=\"column\" data-settings=\"{&quot;background_background&quot;:&quot;classic&quot;}\">\n\t\t\t<div class=\"elementor-widget-wrap elementor-element-populated\">\n\t\t\t\t\t\t<section class=\"elementor-section elementor-inner-section elementor-element elementor-element-68c356c elementor-section-full_width elementor-section-height-default elementor-section-height-default\" data-id=\"68c356c\" data-element_type=\"section\" data-e-type=\"section\">\n\t\t\t\t\t\t<div class=\"elementor-container elementor-column-gap-default\">\n\t\t\t\t\t<div class=\"elementor-column elementor-col-100 elementor-inner-column elementor-element elementor-element-35823e3d animated-fast elementor-invisible\" data-id=\"35823e3d\" data-element_type=\"column\" data-e-type=\"column\" data-settings=\"{&quot;animation&quot;:&quot;fadeIn&quot;,&quot;animation_delay&quot;:&quot;200&quot;,&quot;animation_mobile&quot;:&quot;none&quot;}\">\n\t\t\t<div class=\"elementor-widget-wrap elementor-element-populated\">\n\t\t\t\t\t\t<div class=\"elementor-element elementor-element-4e5e0b96 elementor-widget elementor-widget-heading\" data-id=\"4e5e0b96\" data-element_type=\"widget\" data-e-type=\"widget\" data-widget_type=\"heading.default\">\n\t\t\t\t<div class=\"elementor-widget-container\">\n\t\t\t\t\t<h3 class=\"elementor-heading-title elementor-size-default\">Professional Curriculum Vitae milestones<\/h3>\t\t\t\t<\/div>\n\t\t\t\t<\/div>\n\t\t\t\t<div class=\"elementor-element elementor-element-612c5961 elementor-widget-divider--view-line elementor-widget elementor-widget-divider\" data-id=\"612c5961\" data-element_type=\"widget\" data-e-type=\"widget\" data-widget_type=\"divider.default\">\n\t\t\t\t<div class=\"elementor-widget-container\">\n\t\t\t\t\t\t\t<div class=\"elementor-divider\">\n\t\t\t<span class=\"elementor-divider-separator\">\n\t\t\t\t\t\t<\/span>\n\t\t<\/div>\n\t\t\t\t\t\t<\/div>\n\t\t\t\t<\/div>\n\t\t\t\t<div class=\"elementor-element elementor-element-30385b67 elementor-invisible elementor-widget elementor-widget-text-editor\" data-id=\"30385b67\" data-element_type=\"widget\" data-e-type=\"widget\" data-settings=\"{&quot;_animation&quot;:&quot;fadeIn&quot;}\" data-widget_type=\"text-editor.default\">\n\t\t\t\t<div class=\"elementor-widget-container\">\n\t\t\t\t\t\t\t\t\t<p>Gunter Zeugner began his career with an apprenticeship as a millwright and completed a further vocational training as an aircraft mechanic in the military.<\/p>\n<p>After completing his studies in mechanical engineering and the new opportunities that arose after the reunification, Gunter Zeugner became involved in the environmental and recycling industry as an entrepreneur.<\/p>\n<p>In the constantly growing market, the expansion opportunities arose in the takeover by RWE Umwelt AG and the associated management tasks of RWE Umwelt Ost.<\/p>\n<p>The constant changes in the market led me into the world of metal recycling and into various management positions at Scholz AG.<\/p>\n<p>At the same time, Gunter Zeugner is and remains a convinced entrepreneur and from this role he takes on various consulting and interim management tasks for companies in the environmental and mechanical engineering sectors.<\/p>\t\t\t\t\t\t\t\t<\/div>\n\t\t\t\t<\/div>\n\t\t\t\t\t<\/div>\n\t\t<\/div>\n\t\t\t\t\t<\/div>\n\t\t<\/section>\n\t\t\t\t<div class=\"elementor-element elementor-element-3acc29 elementor-button-info elementor-align-center elementor-widget elementor-widget-button\" data-id=\"3acc29\" data-element_type=\"widget\" data-e-type=\"widget\" data-widget_type=\"button.default\">\n\t\t\t\t<div class=\"elementor-widget-container\">\n\t\t\t\t\t\t\t\t\t<div class=\"elementor-button-wrapper\">\n\t\t\t\t\t<a class=\"elementor-button elementor-button-link elementor-size-sm\" href=\"https:\/\/l-i-g.net\/en\/strategie\/#Team\">\n\t\t\t\t\t\t<span class=\"elementor-button-content-wrapper\">\n\t\t\t\t\t\t\t\t\t<span class=\"elementor-button-text\">back to the team overview<\/span>\n\t\t\t\t\t<\/span>\n\t\t\t\t\t<\/a>\n\t\t\t\t<\/div>\n\t\t\t\t\t\t\t\t<\/div>\n\t\t\t\t<\/div>\n\t\t\t\t\t<\/div>\n\t\t<\/div>\n\t\t\t\t\t<\/div>\n\t\t<\/section>\n\t\t\t\t<section class=\"elementor-section elementor-top-section elementor-element elementor-element-6a62f7cd elementor-section-full_width elementor-section-height-default elementor-section-height-default\" data-id=\"6a62f7cd\" data-element_type=\"section\" data-e-type=\"section\">\n\t\t\t\t\t\t<div class=\"elementor-container elementor-column-gap-default\">\n\t\t\t\t\t<div class=\"elementor-column elementor-col-20 elementor-top-column elementor-element elementor-element-67916754\" data-id=\"67916754\" data-element_type=\"column\" data-e-type=\"column\">\n\t\t\t<div class=\"elementor-widget-wrap\">\n\t\t\t\t\t\t\t<\/div>\n\t\t<\/div>\n\t\t\t\t<div class=\"elementor-column elementor-col-20 elementor-top-column elementor-element elementor-element-169b5794\" data-id=\"169b5794\" data-element_type=\"column\" data-e-type=\"column\">\n\t\t\t<div class=\"elementor-widget-wrap elementor-element-populated\">\n\t\t\t\t\t\t<div class=\"elementor-element elementor-element-5f1ab383 elementor-align-center elementor-widget elementor-widget-button\" data-id=\"5f1ab383\" data-element_type=\"widget\" data-e-type=\"widget\" data-settings=\"{&quot;_animation&quot;:&quot;none&quot;}\" data-widget_type=\"button.default\">\n\t\t\t\t<div class=\"elementor-widget-container\">\n\t\t\t\t\t\t\t\t\t<div class=\"elementor-button-wrapper\">\n\t\t\t\t\t<a class=\"elementor-button elementor-button-link elementor-size-sm\" href=\"https:\/\/l-i-g.net\/en\/quellennachweis\/\" target=\"_blank\">\n\t\t\t\t\t\t<span class=\"elementor-button-content-wrapper\">\n\t\t\t\t\t\t<span class=\"elementor-button-icon\">\n\t\t\t\t<i aria-hidden=\"true\" class=\"fas fa-id-card\"><\/i>\t\t\t<\/span>\n\t\t\t\t\t\t\t\t\t<span class=\"elementor-button-text\">References<\/span>\n\t\t\t\t\t<\/span>\n\t\t\t\t\t<\/a>\n\t\t\t\t<\/div>\n\t\t\t\t\t\t\t\t<\/div>\n\t\t\t\t<\/div>\n\t\t\t\t\t<\/div>\n\t\t<\/div>\n\t\t\t\t<div class=\"elementor-column elementor-col-20 elementor-top-column elementor-element elementor-element-7a1ba78b\" data-id=\"7a1ba78b\" data-element_type=\"column\" data-e-type=\"column\">\n\t\t\t<div class=\"elementor-widget-wrap elementor-element-populated\">\n\t\t\t\t\t\t<div class=\"elementor-element elementor-element-3d5e8c35 elementor-align-center elementor-widget elementor-widget-button\" data-id=\"3d5e8c35\" data-element_type=\"widget\" data-e-type=\"widget\" data-settings=\"{&quot;_animation&quot;:&quot;none&quot;}\" data-widget_type=\"button.default\">\n\t\t\t\t<div class=\"elementor-widget-container\">\n\t\t\t\t\t\t\t\t\t<div class=\"elementor-button-wrapper\">\n\t\t\t\t\t<a class=\"elementor-button elementor-button-link elementor-size-sm\" href=\"https:\/\/l-i-g.net\/en\/impressum\/\" target=\"_blank\" rel=\"nofollow\">\n\t\t\t\t\t\t<span class=\"elementor-button-content-wrapper\">\n\t\t\t\t\t\t<span class=\"elementor-button-icon\">\n\t\t\t\t<i aria-hidden=\"true\" class=\"fas fa-id-card\"><\/i>\t\t\t<\/span>\n\t\t\t\t\t\t\t\t\t<span class=\"elementor-button-text\">Imprint<\/span>\n\t\t\t\t\t<\/span>\n\t\t\t\t\t<\/a>\n\t\t\t\t<\/div>\n\t\t\t\t\t\t\t\t<\/div>\n\t\t\t\t<\/div>\n\t\t\t\t\t<\/div>\n\t\t<\/div>\n\t\t\t\t<div class=\"elementor-column elementor-col-20 elementor-top-column elementor-element elementor-element-2eb3a194\" data-id=\"2eb3a194\" data-element_type=\"column\" data-e-type=\"column\">\n\t\t\t<div class=\"elementor-widget-wrap elementor-element-populated\">\n\t\t\t\t\t\t<div class=\"elementor-element elementor-element-7104b88e elementor-align-center elementor-widget elementor-widget-button\" data-id=\"7104b88e\" data-element_type=\"widget\" data-e-type=\"widget\" data-widget_type=\"button.default\">\n\t\t\t\t<div class=\"elementor-widget-container\">\n\t\t\t\t\t\t\t\t\t<div class=\"elementor-button-wrapper\">\n\t\t\t\t\t<a class=\"elementor-button elementor-button-link elementor-size-sm\" href=\"https:\/\/l-i-g.net\/en\/hinweise-zum-datenschutz\/\" target=\"_blank\">\n\t\t\t\t\t\t<span class=\"elementor-button-content-wrapper\">\n\t\t\t\t\t\t<span class=\"elementor-button-icon\">\n\t\t\t\t<i aria-hidden=\"true\" class=\"fas fa-graduation-cap\"><\/i>\t\t\t<\/span>\n\t\t\t\t\t\t\t\t\t<span class=\"elementor-button-text\">Privacy policy<\/span>\n\t\t\t\t\t<\/span>\n\t\t\t\t\t<\/a>\n\t\t\t\t<\/div>\n\t\t\t\t\t\t\t\t<\/div>\n\t\t\t\t<\/div>\n\t\t\t\t\t<\/div>\n\t\t<\/div>\n\t\t\t\t<div class=\"elementor-column elementor-col-20 elementor-top-column elementor-element elementor-element-50f05227\" data-id=\"50f05227\" data-element_type=\"column\" data-e-type=\"column\">\n\t\t\t<div class=\"elementor-widget-wrap\">\n\t\t\t\t\t\t\t<\/div>\n\t\t<\/div>\n\t\t\t\t\t<\/div>\n\t\t<\/section>\n\t\t\t\t<\/div>","protected":false},"excerpt":{"rendered":"<p>Professional CV Gunter Zeugner Dipl.-Ing. &#8222;Pers\u00f6nlichkeiten werden nicht durch sch\u00f6ne Reden geformt, sondern durch Arbeit und eigene Leistung.&#8220;(Albert Einstein) Berufliche Meilensteine Gunter Zeugner hat seinen Berufsweg mit der Lehre zum M\u00fchlenbauer begonnen und absolvierte eine weitere Berufsausbildung zum Flugzeugmechaniker beim Milit\u00e4r. Nach dem abgeschlossenen Studium im Maschinenbau und den sich neu ergebenden M\u00f6glichkeiten nach der [&hellip;]<\/p>\n","protected":false},"author":2,"featured_media":0,"parent":0,"menu_order":0,"comment_status":"closed","ping_status":"closed","template":"elementor_canvas","meta":{"footnotes":""},"class_list":["post-2341","page","type-page","status-publish","hentry"],"yoast_head":"<!-- This site is optimized with the Yoast SEO plugin v27.4 - https:\/\/yoast.com\/product\/yoast-seo-wordpress\/ -->\n<title>Profil GZ - LIG<\/title>\n<meta name=\"robots\" content=\"index, follow, max-snippet:-1, max-image-preview:large, max-video-preview:-1\" \/>\n<link rel=\"canonical\" href=\"https:\/\/l-i-g.net\/en\/profil-gz\/\" \/>\n<meta property=\"og:locale\" content=\"en_GB\" \/>\n<meta property=\"og:type\" content=\"article\" \/>\n<meta property=\"og:title\" content=\"Profil GZ - LIG\" \/>\n<meta property=\"og:description\" content=\"Professional CV Gunter Zeugner Dipl.-Ing. &#8222;Pers\u00f6nlichkeiten werden nicht durch sch\u00f6ne Reden geformt, sondern durch Arbeit und eigene Leistung.&#8220;(Albert Einstein) Berufliche Meilensteine Gunter Zeugner hat seinen Berufsweg mit der Lehre zum M\u00fchlenbauer begonnen und absolvierte eine weitere Berufsausbildung zum Flugzeugmechaniker beim Milit\u00e4r. Nach dem abgeschlossenen Studium im Maschinenbau und den sich neu ergebenden M\u00f6glichkeiten nach der [&hellip;]\" \/>\n<meta property=\"og:url\" content=\"https:\/\/l-i-g.net\/en\/profil-gz\/\" \/>\n<meta property=\"og:site_name\" content=\"LIG\" \/>\n<meta property=\"article:modified_time\" content=\"2020-12-16T01:34:52+00:00\" \/>\n<meta property=\"og:image\" content=\"https:\/\/l-i-g.net\/wp-content\/uploads\/2020\/12\/Zeugner-Gunter_klein-200x300.jpg\" \/>\n<meta name=\"twitter:card\" content=\"summary_large_image\" \/>\n<meta name=\"twitter:label1\" content=\"Estimated reading time\" \/>\n\t<meta name=\"twitter:data1\" content=\"1 minute\" \/>\n<script type=\"application\/ld+json\" class=\"yoast-schema-graph\">{\"@context\":\"https:\\\/\\\/schema.org\",\"@graph\":[{\"@type\":\"WebPage\",\"@id\":\"https:\\\/\\\/l-i-g.net\\\/en\\\/profil-gz\\\/\",\"url\":\"https:\\\/\\\/l-i-g.net\\\/en\\\/profil-gz\\\/\",\"name\":\"Profil GZ - LIG\",\"isPartOf\":{\"@id\":\"https:\\\/\\\/l-i-g.net\\\/de\\\/#website\"},\"primaryImageOfPage\":{\"@id\":\"https:\\\/\\\/l-i-g.net\\\/en\\\/profil-gz\\\/#primaryimage\"},\"image\":{\"@id\":\"https:\\\/\\\/l-i-g.net\\\/en\\\/profil-gz\\\/#primaryimage\"},\"thumbnailUrl\":\"https:\\\/\\\/l-i-g.net\\\/wp-content\\\/uploads\\\/2020\\\/12\\\/Zeugner-Gunter_klein-200x300.jpg\",\"datePublished\":\"2020-10-25T16:49:24+00:00\",\"dateModified\":\"2020-12-16T01:34:52+00:00\",\"breadcrumb\":{\"@id\":\"https:\\\/\\\/l-i-g.net\\\/en\\\/profil-gz\\\/#breadcrumb\"},\"inLanguage\":\"en-GB\",\"potentialAction\":[{\"@type\":\"ReadAction\",\"target\":[\"https:\\\/\\\/l-i-g.net\\\/en\\\/profil-gz\\\/\"]}]},{\"@type\":\"ImageObject\",\"inLanguage\":\"en-GB\",\"@id\":\"https:\\\/\\\/l-i-g.net\\\/en\\\/profil-gz\\\/#primaryimage\",\"url\":\"https:\\\/\\\/l-i-g.net\\\/wp-content\\\/uploads\\\/2020\\\/12\\\/Zeugner-Gunter_klein-200x300.jpg\",\"contentUrl\":\"https:\\\/\\\/l-i-g.net\\\/wp-content\\\/uploads\\\/2020\\\/12\\\/Zeugner-Gunter_klein-200x300.jpg\"},{\"@type\":\"BreadcrumbList\",\"@id\":\"https:\\\/\\\/l-i-g.net\\\/en\\\/profil-gz\\\/#breadcrumb\",\"itemListElement\":[{\"@type\":\"ListItem\",\"position\":1,\"name\":\"Startseite\",\"item\":\"https:\\\/\\\/l-i-g.net\\\/\"},{\"@type\":\"ListItem\",\"position\":2,\"name\":\"Profil GZ\"}]},{\"@type\":\"WebSite\",\"@id\":\"https:\\\/\\\/l-i-g.net\\\/de\\\/#website\",\"url\":\"https:\\\/\\\/l-i-g.net\\\/de\\\/\",\"name\":\"LIG\",\"description\":\"Webpr\u00e4senz Langenberger Innovation Group\",\"publisher\":{\"@id\":\"https:\\\/\\\/l-i-g.net\\\/de\\\/#organization\"},\"potentialAction\":[{\"@type\":\"SearchAction\",\"target\":{\"@type\":\"EntryPoint\",\"urlTemplate\":\"https:\\\/\\\/l-i-g.net\\\/de\\\/?s={search_term_string}\"},\"query-input\":{\"@type\":\"PropertyValueSpecification\",\"valueRequired\":true,\"valueName\":\"search_term_string\"}}],\"inLanguage\":\"en-GB\"},{\"@type\":\"Organization\",\"@id\":\"https:\\\/\\\/l-i-g.net\\\/de\\\/#organization\",\"name\":\"Langenberger-Innovation-Group\",\"url\":\"https:\\\/\\\/l-i-g.net\\\/de\\\/\",\"logo\":{\"@type\":\"ImageObject\",\"inLanguage\":\"en-GB\",\"@id\":\"https:\\\/\\\/l-i-g.net\\\/de\\\/#\\\/schema\\\/logo\\\/image\\\/\",\"url\":\"https:\\\/\\\/l-i-g.net\\\/wp-content\\\/uploads\\\/2020\\\/08\\\/LIG_Logo-RGB-FINAL.jpg\",\"contentUrl\":\"https:\\\/\\\/l-i-g.net\\\/wp-content\\\/uploads\\\/2020\\\/08\\\/LIG_Logo-RGB-FINAL.jpg\",\"width\":858,\"height\":626,\"caption\":\"Langenberger-Innovation-Group\"},\"image\":{\"@id\":\"https:\\\/\\\/l-i-g.net\\\/de\\\/#\\\/schema\\\/logo\\\/image\\\/\"}}]}<\/script>\n<!-- \/ Yoast SEO plugin. -->","yoast_head_json":{"title":"Profil GZ - LIG","robots":{"index":"index","follow":"follow","max-snippet":"max-snippet:-1","max-image-preview":"max-image-preview:large","max-video-preview":"max-video-preview:-1"},"canonical":"https:\/\/l-i-g.net\/en\/profil-gz\/","og_locale":"en_GB","og_type":"article","og_title":"Profil GZ - LIG","og_description":"Professional CV Gunter Zeugner Dipl.-Ing. &#8222;Pers\u00f6nlichkeiten werden nicht durch sch\u00f6ne Reden geformt, sondern durch Arbeit und eigene Leistung.&#8220;(Albert Einstein) Berufliche Meilensteine Gunter Zeugner hat seinen Berufsweg mit der Lehre zum M\u00fchlenbauer begonnen und absolvierte eine weitere Berufsausbildung zum Flugzeugmechaniker beim Milit\u00e4r. Nach dem abgeschlossenen Studium im Maschinenbau und den sich neu ergebenden M\u00f6glichkeiten nach der [&hellip;]","og_url":"https:\/\/l-i-g.net\/en\/profil-gz\/","og_site_name":"LIG","article_modified_time":"2020-12-16T01:34:52+00:00","og_image":[{"url":"https:\/\/l-i-g.net\/wp-content\/uploads\/2020\/12\/Zeugner-Gunter_klein-200x300.jpg","type":"","width":"","height":""}],"twitter_card":"summary_large_image","twitter_misc":{"Estimated reading time":"1 minute"},"schema":{"@context":"https:\/\/schema.org","@graph":[{"@type":"WebPage","@id":"https:\/\/l-i-g.net\/en\/profil-gz\/","url":"https:\/\/l-i-g.net\/en\/profil-gz\/","name":"Profil GZ - LIG","isPartOf":{"@id":"https:\/\/l-i-g.net\/de\/#website"},"primaryImageOfPage":{"@id":"https:\/\/l-i-g.net\/en\/profil-gz\/#primaryimage"},"image":{"@id":"https:\/\/l-i-g.net\/en\/profil-gz\/#primaryimage"},"thumbnailUrl":"https:\/\/l-i-g.net\/wp-content\/uploads\/2020\/12\/Zeugner-Gunter_klein-200x300.jpg","datePublished":"2020-10-25T16:49:24+00:00","dateModified":"2020-12-16T01:34:52+00:00","breadcrumb":{"@id":"https:\/\/l-i-g.net\/en\/profil-gz\/#breadcrumb"},"inLanguage":"en-GB","potentialAction":[{"@type":"ReadAction","target":["https:\/\/l-i-g.net\/en\/profil-gz\/"]}]},{"@type":"ImageObject","inLanguage":"en-GB","@id":"https:\/\/l-i-g.net\/en\/profil-gz\/#primaryimage","url":"https:\/\/l-i-g.net\/wp-content\/uploads\/2020\/12\/Zeugner-Gunter_klein-200x300.jpg","contentUrl":"https:\/\/l-i-g.net\/wp-content\/uploads\/2020\/12\/Zeugner-Gunter_klein-200x300.jpg"},{"@type":"BreadcrumbList","@id":"https:\/\/l-i-g.net\/en\/profil-gz\/#breadcrumb","itemListElement":[{"@type":"ListItem","position":1,"name":"Startseite","item":"https:\/\/l-i-g.net\/"},{"@type":"ListItem","position":2,"name":"Profil GZ"}]},{"@type":"WebSite","@id":"https:\/\/l-i-g.net\/de\/#website","url":"https:\/\/l-i-g.net\/de\/","name":"LIG","description":"Webpr\u00e4senz Langenberger Innovation Group","publisher":{"@id":"https:\/\/l-i-g.net\/de\/#organization"},"potentialAction":[{"@type":"SearchAction","target":{"@type":"EntryPoint","urlTemplate":"https:\/\/l-i-g.net\/de\/?s={search_term_string}"},"query-input":{"@type":"PropertyValueSpecification","valueRequired":true,"valueName":"search_term_string"}}],"inLanguage":"en-GB"},{"@type":"Organization","@id":"https:\/\/l-i-g.net\/de\/#organization","name":"Langenberger-Innovation-Group","url":"https:\/\/l-i-g.net\/de\/","logo":{"@type":"ImageObject","inLanguage":"en-GB","@id":"https:\/\/l-i-g.net\/de\/#\/schema\/logo\/image\/","url":"https:\/\/l-i-g.net\/wp-content\/uploads\/2020\/08\/LIG_Logo-RGB-FINAL.jpg","contentUrl":"https:\/\/l-i-g.net\/wp-content\/uploads\/2020\/08\/LIG_Logo-RGB-FINAL.jpg","width":858,"height":626,"caption":"Langenberger-Innovation-Group"},"image":{"@id":"https:\/\/l-i-g.net\/de\/#\/schema\/logo\/image\/"}}]}},"_links":{"self":[{"href":"https:\/\/l-i-g.net\/en\/wp-json\/wp\/v2\/pages\/2341","targetHints":{"allow":["GET"]}}],"collection":[{"href":"https:\/\/l-i-g.net\/en\/wp-json\/wp\/v2\/pages"}],"about":[{"href":"https:\/\/l-i-g.net\/en\/wp-json\/wp\/v2\/types\/page"}],"author":[{"embeddable":true,"href":"https:\/\/l-i-g.net\/en\/wp-json\/wp\/v2\/users\/2"}],"replies":[{"embeddable":true,"href":"https:\/\/l-i-g.net\/en\/wp-json\/wp\/v2\/comments?post=2341"}],"version-history":[{"count":0,"href":"https:\/\/l-i-g.net\/en\/wp-json\/wp\/v2\/pages\/2341\/revisions"}],"wp:attachment":[{"href":"https:\/\/l-i-g.net\/en\/wp-json\/wp\/v2\/media?parent=2341"}],"curies":[{"name":"wp","href":"https:\/\/api.w.org\/{rel}","templated":true}]}}