{"id":6636,"date":"2025-10-27T07:42:33","date_gmt":"2025-10-27T07:42:33","guid":{"rendered":"https:\/\/l-i-g.net\/?page_id=6636"},"modified":"2025-10-27T07:44:56","modified_gmt":"2025-10-27T07:44:56","slug":"profil-mb","status":"publish","type":"page","link":"https:\/\/l-i-g.net\/de\/profil-mb\/","title":{"rendered":"Profil MB"},"content":{"rendered":"\t\t<div data-elementor-type=\"wp-page\" data-elementor-id=\"6636\" class=\"elementor elementor-6636\" data-elementor-post-type=\"page\">\n\t\t\t\t\t\t<section class=\"elementor-section elementor-top-section elementor-element elementor-element-6af55e94 elementor-section-boxed elementor-section-height-default elementor-section-height-default\" data-id=\"6af55e94\" data-element_type=\"section\" data-e-type=\"section\">\n\t\t\t\t\t\t<div class=\"elementor-container elementor-column-gap-default\">\n\t\t\t\t\t<div class=\"elementor-column elementor-col-100 elementor-top-column elementor-element elementor-element-7b3abaa\" data-id=\"7b3abaa\" data-element_type=\"column\" data-e-type=\"column\">\n\t\t\t<div class=\"elementor-widget-wrap elementor-element-populated\">\n\t\t\t\t\t\t<div class=\"elementor-element elementor-element-4cbe4875 elementor-widget elementor-widget-heading\" data-id=\"4cbe4875\" data-element_type=\"widget\" data-e-type=\"widget\" data-widget_type=\"heading.default\">\n\t\t\t\t<div class=\"elementor-widget-container\">\n\t\t\t\t\t<h2 class=\"elementor-heading-title elementor-size-default\">Professional CV<\/h2>\t\t\t\t<\/div>\n\t\t\t\t<\/div>\n\t\t\t\t\t<\/div>\n\t\t<\/div>\n\t\t\t\t\t<\/div>\n\t\t<\/section>\n\t\t\t\t<section class=\"elementor-section elementor-top-section elementor-element elementor-element-15aebc6 elementor-section-height-min-height elementor-section-items-stretch elementor-section-content-middle elementor-reverse-mobile elementor-reverse-tablet elementor-section-boxed elementor-section-height-default\" data-id=\"15aebc6\" data-element_type=\"section\" data-e-type=\"section\">\n\t\t\t\t\t\t<div class=\"elementor-container elementor-column-gap-default\">\n\t\t\t\t\t<div class=\"elementor-column elementor-col-50 elementor-top-column elementor-element elementor-element-7eceee42\" data-id=\"7eceee42\" data-element_type=\"column\" data-e-type=\"column\">\n\t\t\t<div class=\"elementor-widget-wrap elementor-element-populated\">\n\t\t\t\t\t\t<div class=\"elementor-element elementor-element-cf9c7b6 animated-fast elementor-invisible elementor-widget elementor-widget-heading\" data-id=\"cf9c7b6\" data-element_type=\"widget\" data-e-type=\"widget\" data-settings=\"{&quot;_animation&quot;:&quot;fadeIn&quot;}\" data-widget_type=\"heading.default\">\n\t\t\t\t<div class=\"elementor-widget-container\">\n\t\t\t\t\t<h1 class=\"elementor-heading-title elementor-size-default\">Martin Bunzel<\/h1>\t\t\t\t<\/div>\n\t\t\t\t<\/div>\n\t\t\t\t<div class=\"elementor-element elementor-element-7a6b51eb elementor-invisible elementor-widget elementor-widget-text-editor\" data-id=\"7a6b51eb\" data-element_type=\"widget\" data-e-type=\"widget\" data-settings=\"{&quot;_animation&quot;:&quot;fadeIn&quot;}\" data-widget_type=\"text-editor.default\">\n\t\t\t\t<div class=\"elementor-widget-container\">\n\t\t\t\t\t\t\t\t\t<p>\u201eWenn der Wind der Ver\u00e4nderung weht, bauen die einen Mauern und die anderen Windm\u00fchlen.\u201c <br \/>(Chinesisches Sprichwort)<\/p>\t\t\t\t\t\t\t\t<\/div>\n\t\t\t\t<\/div>\n\t\t\t\t\t<\/div>\n\t\t<\/div>\n\t\t\t\t<div class=\"elementor-column elementor-col-50 elementor-top-column elementor-element elementor-element-e289dc2\" data-id=\"e289dc2\" data-element_type=\"column\" data-e-type=\"column\" data-settings=\"{&quot;background_background&quot;:&quot;classic&quot;}\">\n\t\t\t<div class=\"elementor-widget-wrap elementor-element-populated\">\n\t\t\t\t\t\t<div class=\"elementor-element elementor-element-36d92cde elementor-widget elementor-widget-image\" data-id=\"36d92cde\" data-element_type=\"widget\" data-e-type=\"widget\" data-widget_type=\"image.default\">\n\t\t\t\t<div class=\"elementor-widget-container\">\n\t\t\t\t\t\t\t\t\t\t\t\t\t\t\t\t<a href=\"https:\/\/l-i-g.net\/wp-content\/uploads\/2025\/10\/Portrait_Martin-Bunzel_komprimiert-scaled.jpg\" data-elementor-open-lightbox=\"yes\" data-elementor-lightbox-title=\"Portrait_Martin Bunzel_komprimiert\" data-e-action-hash=\"#elementor-action%3Aaction%3Dlightbox%26settings%3DeyJpZCI6NjYzNSwidXJsIjoiaHR0cHM6XC9cL2wtaS1nLm5ldFwvd3AtY29udGVudFwvdXBsb2Fkc1wvMjAyNVwvMTBcL1BvcnRyYWl0X01hcnRpbi1CdW56ZWxfa29tcHJpbWllcnQtc2NhbGVkLmpwZyJ9\">\n\t\t\t\t\t\t\t<img fetchpriority=\"high\" decoding=\"async\" width=\"200\" height=\"300\" src=\"https:\/\/l-i-g.net\/wp-content\/uploads\/2025\/10\/Portrait_Martin-Bunzel_komprimiert-200x300.jpg\" class=\"attachment-medium size-medium wp-image-6635\" alt=\"Portraitfoto Martin Bunzel\" srcset=\"https:\/\/l-i-g.net\/wp-content\/uploads\/2025\/10\/Portrait_Martin-Bunzel_komprimiert-200x300.jpg 200w, https:\/\/l-i-g.net\/wp-content\/uploads\/2025\/10\/Portrait_Martin-Bunzel_komprimiert-683x1024.jpg 683w, https:\/\/l-i-g.net\/wp-content\/uploads\/2025\/10\/Portrait_Martin-Bunzel_komprimiert-768x1152.jpg 768w, https:\/\/l-i-g.net\/wp-content\/uploads\/2025\/10\/Portrait_Martin-Bunzel_komprimiert-1024x1536.jpg 1024w, https:\/\/l-i-g.net\/wp-content\/uploads\/2025\/10\/Portrait_Martin-Bunzel_komprimiert-1365x2048.jpg 1365w, https:\/\/l-i-g.net\/wp-content\/uploads\/2025\/10\/Portrait_Martin-Bunzel_komprimiert-8x12.jpg 8w, https:\/\/l-i-g.net\/wp-content\/uploads\/2025\/10\/Portrait_Martin-Bunzel_komprimiert-scaled.jpg 1707w\" sizes=\"(max-width: 200px) 100vw, 200px\" \/>\t\t\t\t\t\t\t\t<\/a>\n\t\t\t\t\t\t\t\t\t\t\t\t\t\t\t<\/div>\n\t\t\t\t<\/div>\n\t\t\t\t\t<\/div>\n\t\t<\/div>\n\t\t\t\t\t<\/div>\n\t\t<\/section>\n\t\t\t\t<section class=\"elementor-section elementor-top-section elementor-element elementor-element-3cfc2607 elementor-section-items-stretch elementor-section-content-bottom elementor-section-height-min-height elementor-section-boxed elementor-section-height-default\" data-id=\"3cfc2607\" data-element_type=\"section\" data-e-type=\"section\" id=\"CV\">\n\t\t\t\t\t\t<div class=\"elementor-container elementor-column-gap-default\">\n\t\t\t\t\t<div class=\"elementor-column elementor-col-100 elementor-top-column elementor-element elementor-element-79cf0053\" data-id=\"79cf0053\" data-element_type=\"column\" data-e-type=\"column\" data-settings=\"{&quot;background_background&quot;:&quot;classic&quot;}\">\n\t\t\t<div class=\"elementor-widget-wrap elementor-element-populated\">\n\t\t\t\t\t\t<section class=\"elementor-section elementor-inner-section elementor-element elementor-element-56cb6c91 elementor-section-full_width elementor-section-height-default elementor-section-height-default\" data-id=\"56cb6c91\" data-element_type=\"section\" data-e-type=\"section\">\n\t\t\t\t\t\t<div class=\"elementor-container elementor-column-gap-default\">\n\t\t\t\t\t<div class=\"elementor-column elementor-col-100 elementor-inner-column elementor-element elementor-element-1a86eda4 animated-fast elementor-invisible\" data-id=\"1a86eda4\" data-element_type=\"column\" data-e-type=\"column\" data-settings=\"{&quot;animation&quot;:&quot;fadeIn&quot;,&quot;animation_delay&quot;:&quot;200&quot;,&quot;animation_mobile&quot;:&quot;none&quot;}\">\n\t\t\t<div class=\"elementor-widget-wrap elementor-element-populated\">\n\t\t\t\t\t\t<div class=\"elementor-element elementor-element-16e06969 elementor-widget elementor-widget-heading\" data-id=\"16e06969\" data-element_type=\"widget\" data-e-type=\"widget\" data-widget_type=\"heading.default\">\n\t\t\t\t<div class=\"elementor-widget-container\">\n\t\t\t\t\t<h3 class=\"elementor-heading-title elementor-size-default\">Berufliche Meilensteine<\/h3>\t\t\t\t<\/div>\n\t\t\t\t<\/div>\n\t\t\t\t<div class=\"elementor-element elementor-element-66d4db03 elementor-widget-divider--view-line elementor-widget elementor-widget-divider\" data-id=\"66d4db03\" data-element_type=\"widget\" data-e-type=\"widget\" data-widget_type=\"divider.default\">\n\t\t\t\t<div class=\"elementor-widget-container\">\n\t\t\t\t\t\t\t<div class=\"elementor-divider\">\n\t\t\t<span class=\"elementor-divider-separator\">\n\t\t\t\t\t\t<\/span>\n\t\t<\/div>\n\t\t\t\t\t\t<\/div>\n\t\t\t\t<\/div>\n\t\t\t\t<div class=\"elementor-element elementor-element-578c4e4a elementor-invisible elementor-widget elementor-widget-text-editor\" data-id=\"578c4e4a\" data-element_type=\"widget\" data-e-type=\"widget\" data-settings=\"{&quot;_animation&quot;:&quot;fadeIn&quot;}\" data-widget_type=\"text-editor.default\">\n\t\t\t\t<div class=\"elementor-widget-container\">\n\t\t\t\t\t\t\t\t\t<p>Martin Bunzel ist seit 2025 f\u00fcr die Business Unit Minerals der LIG-Gruppe t\u00e4tig. Er verantwortet die gruppenweite Weiterentwicklung des Gesch\u00e4ftsbereichs \u2013 mit Fokus auf Marktstrategie, Technologietransfer und die Erschlie\u00dfung neuer Potenziale in der mineralischen Aufbereitung.<\/p><p>Zuvor war er \u00fcber ein Jahrzehnt in strategischen und operativen Funktionen bei einem internationalen Anlagenbauer t\u00e4tig, zuletzt als Gesch\u00e4ftsbereichsleiter mit Verantwortung f\u00fcr Gro\u00dfprojekte, Gesch\u00e4ftsentwicklung und technologische Weiterentwicklung im Bereich nass-mechanischer Verfahren.<\/p><p>Er interessiert sich f\u00fcr nachhaltige Technologien, internationale M\u00e4rkte und die strategische Entwicklung zukunftsf\u00e4higer Gesch\u00e4ftsmodelle im technischen Umfeld.<\/p>\t\t\t\t\t\t\t\t<\/div>\n\t\t\t\t<\/div>\n\t\t\t\t\t<\/div>\n\t\t<\/div>\n\t\t\t\t\t<\/div>\n\t\t<\/section>\n\t\t\t\t<div class=\"elementor-element elementor-element-76b5d238 elementor-button-info elementor-align-center elementor-widget elementor-widget-button\" data-id=\"76b5d238\" data-element_type=\"widget\" data-e-type=\"widget\" data-widget_type=\"button.default\">\n\t\t\t\t<div class=\"elementor-widget-container\">\n\t\t\t\t\t\t\t\t\t<div class=\"elementor-button-wrapper\">\n\t\t\t\t\t<a class=\"elementor-button elementor-button-link elementor-size-sm\" href=\"https:\/\/l-i-g.net\/strategie\/#Team\">\n\t\t\t\t\t\t<span class=\"elementor-button-content-wrapper\">\n\t\t\t\t\t\t\t\t\t<span class=\"elementor-button-text\">zur\u00fcck zum Team<\/span>\n\t\t\t\t\t<\/span>\n\t\t\t\t\t<\/a>\n\t\t\t\t<\/div>\n\t\t\t\t\t\t\t\t<\/div>\n\t\t\t\t<\/div>\n\t\t\t\t\t<\/div>\n\t\t<\/div>\n\t\t\t\t\t<\/div>\n\t\t<\/section>\n\t\t\t\t<section class=\"elementor-section elementor-top-section elementor-element elementor-element-60a07734 elementor-section-full_width elementor-section-height-default elementor-section-height-default\" data-id=\"60a07734\" data-element_type=\"section\" data-e-type=\"section\">\n\t\t\t\t\t\t<div class=\"elementor-container elementor-column-gap-default\">\n\t\t\t\t\t<div class=\"elementor-column elementor-col-20 elementor-top-column elementor-element elementor-element-1d20df01\" data-id=\"1d20df01\" data-element_type=\"column\" data-e-type=\"column\">\n\t\t\t<div class=\"elementor-widget-wrap\">\n\t\t\t\t\t\t\t<\/div>\n\t\t<\/div>\n\t\t\t\t<div class=\"elementor-column elementor-col-20 elementor-top-column elementor-element elementor-element-4a462d84\" data-id=\"4a462d84\" data-element_type=\"column\" data-e-type=\"column\">\n\t\t\t<div class=\"elementor-widget-wrap elementor-element-populated\">\n\t\t\t\t\t\t<div class=\"elementor-element elementor-element-19b8d622 elementor-align-center elementor-widget elementor-widget-button\" data-id=\"19b8d622\" data-element_type=\"widget\" data-e-type=\"widget\" data-settings=\"{&quot;_animation&quot;:&quot;none&quot;}\" data-widget_type=\"button.default\">\n\t\t\t\t<div class=\"elementor-widget-container\">\n\t\t\t\t\t\t\t\t\t<div class=\"elementor-button-wrapper\">\n\t\t\t\t\t<a class=\"elementor-button elementor-button-link elementor-size-sm\" href=\"https:\/\/l-i-g.net\/quellennachweis\" target=\"_blank\">\n\t\t\t\t\t\t<span class=\"elementor-button-content-wrapper\">\n\t\t\t\t\t\t<span class=\"elementor-button-icon\">\n\t\t\t\t<i aria-hidden=\"true\" class=\"fas fa-id-card\"><\/i>\t\t\t<\/span>\n\t\t\t\t\t\t\t\t\t<span class=\"elementor-button-text\">Quellennachweis<\/span>\n\t\t\t\t\t<\/span>\n\t\t\t\t\t<\/a>\n\t\t\t\t<\/div>\n\t\t\t\t\t\t\t\t<\/div>\n\t\t\t\t<\/div>\n\t\t\t\t\t<\/div>\n\t\t<\/div>\n\t\t\t\t<div class=\"elementor-column elementor-col-20 elementor-top-column elementor-element elementor-element-1742524b\" data-id=\"1742524b\" data-element_type=\"column\" data-e-type=\"column\">\n\t\t\t<div class=\"elementor-widget-wrap elementor-element-populated\">\n\t\t\t\t\t\t<div class=\"elementor-element elementor-element-3e0c9f60 elementor-align-center elementor-widget elementor-widget-button\" data-id=\"3e0c9f60\" data-element_type=\"widget\" data-e-type=\"widget\" data-settings=\"{&quot;_animation&quot;:&quot;none&quot;}\" data-widget_type=\"button.default\">\n\t\t\t\t<div class=\"elementor-widget-container\">\n\t\t\t\t\t\t\t\t\t<div class=\"elementor-button-wrapper\">\n\t\t\t\t\t<a class=\"elementor-button elementor-button-link elementor-size-sm\" href=\"https:\/\/l-i-g.net\/impressum\" target=\"_blank\" rel=\"nofollow\">\n\t\t\t\t\t\t<span class=\"elementor-button-content-wrapper\">\n\t\t\t\t\t\t<span class=\"elementor-button-icon\">\n\t\t\t\t<i aria-hidden=\"true\" class=\"fas fa-id-card\"><\/i>\t\t\t<\/span>\n\t\t\t\t\t\t\t\t\t<span class=\"elementor-button-text\">Impressum<\/span>\n\t\t\t\t\t<\/span>\n\t\t\t\t\t<\/a>\n\t\t\t\t<\/div>\n\t\t\t\t\t\t\t\t<\/div>\n\t\t\t\t<\/div>\n\t\t\t\t\t<\/div>\n\t\t<\/div>\n\t\t\t\t<div class=\"elementor-column elementor-col-20 elementor-top-column elementor-element elementor-element-44d97f73\" data-id=\"44d97f73\" data-element_type=\"column\" data-e-type=\"column\">\n\t\t\t<div class=\"elementor-widget-wrap elementor-element-populated\">\n\t\t\t\t\t\t<div class=\"elementor-element elementor-element-6a1a35af elementor-align-center elementor-widget elementor-widget-button\" data-id=\"6a1a35af\" data-element_type=\"widget\" data-e-type=\"widget\" data-widget_type=\"button.default\">\n\t\t\t\t<div class=\"elementor-widget-container\">\n\t\t\t\t\t\t\t\t\t<div class=\"elementor-button-wrapper\">\n\t\t\t\t\t<a class=\"elementor-button elementor-button-link elementor-size-sm\" href=\"https:\/\/l-i-g.net\/hinweise-zum-datenschutz\" target=\"_blank\">\n\t\t\t\t\t\t<span class=\"elementor-button-content-wrapper\">\n\t\t\t\t\t\t<span class=\"elementor-button-icon\">\n\t\t\t\t<i aria-hidden=\"true\" class=\"fas fa-graduation-cap\"><\/i>\t\t\t<\/span>\n\t\t\t\t\t\t\t\t\t<span class=\"elementor-button-text\">Datenschutzhinweise<\/span>\n\t\t\t\t\t<\/span>\n\t\t\t\t\t<\/a>\n\t\t\t\t<\/div>\n\t\t\t\t\t\t\t\t<\/div>\n\t\t\t\t<\/div>\n\t\t\t\t\t<\/div>\n\t\t<\/div>\n\t\t\t\t<div class=\"elementor-column elementor-col-20 elementor-top-column elementor-element elementor-element-77f9ab1c\" data-id=\"77f9ab1c\" data-element_type=\"column\" data-e-type=\"column\">\n\t\t\t<div class=\"elementor-widget-wrap\">\n\t\t\t\t\t\t\t<\/div>\n\t\t<\/div>\n\t\t\t\t\t<\/div>\n\t\t<\/section>\n\t\t\t\t<\/div>\n\t\t","protected":false},"excerpt":{"rendered":"<p>Professional CV Martin Bunzel \u201eWenn der Wind der Ver\u00e4nderung weht, bauen die einen Mauern und die anderen Windm\u00fchlen.\u201c (Chinesisches Sprichwort) Berufliche Meilensteine Martin Bunzel ist seit 2025 f\u00fcr die Business Unit Minerals der LIG-Gruppe t\u00e4tig. Er verantwortet die gruppenweite Weiterentwicklung des Gesch\u00e4ftsbereichs \u2013 mit Fokus auf Marktstrategie, Technologietransfer und die Erschlie\u00dfung neuer Potenziale in der [&hellip;]<\/p>\n","protected":false},"author":2,"featured_media":0,"parent":0,"menu_order":0,"comment_status":"closed","ping_status":"closed","template":"elementor_canvas","meta":{"footnotes":""},"class_list":["post-6636","page","type-page","status-publish","hentry"],"yoast_head":"<!-- This site is optimized with the Yoast SEO plugin v27.4 - https:\/\/yoast.com\/product\/yoast-seo-wordpress\/ -->\n<title>Profil MB - LIG<\/title>\n<meta name=\"description\" content=\"Nikolaus studierte Maschinenbau und Betriebswirtschaftslehre an der Technischen Universit\u00e4t Wien, wo er sich in seinem Masterstudium auf Automatisierung und Finanzen konzentrierte. Nach dem Universit\u00e4tsabschluss arbeitete er bei der Boston Consulting Group, am Standort Wien. Dort sammelte er umfassende Erfahrungen bei Restrukturierungs-, Industrie- und Private Equity-Projekten in Europa, den USA, dem Nahen Osten und China. Seit Januar arbeitet Niko als Projektmanager\/Berater bei der LIG, mit Fokus auf die Unternehmensentwicklung und die Expansion in die internationalen M\u00e4rkte.\" \/>\n<meta name=\"robots\" content=\"index, follow, max-snippet:-1, max-image-preview:large, max-video-preview:-1\" \/>\n<link rel=\"canonical\" href=\"https:\/\/l-i-g.net\/de\/profil-mb\/\" \/>\n<meta property=\"og:locale\" content=\"de_DE\" \/>\n<meta property=\"og:type\" content=\"article\" \/>\n<meta property=\"og:title\" content=\"Profil MB - LIG\" \/>\n<meta property=\"og:description\" content=\"Nikolaus studierte Maschinenbau und Betriebswirtschaftslehre an der Technischen Universit\u00e4t Wien, wo er sich in seinem Masterstudium auf Automatisierung und Finanzen konzentrierte. Nach dem Universit\u00e4tsabschluss arbeitete er bei der Boston Consulting Group, am Standort Wien. Dort sammelte er umfassende Erfahrungen bei Restrukturierungs-, Industrie- und Private Equity-Projekten in Europa, den USA, dem Nahen Osten und China. Seit Januar arbeitet Niko als Projektmanager\/Berater bei der LIG, mit Fokus auf die Unternehmensentwicklung und die Expansion in die internationalen M\u00e4rkte.\" \/>\n<meta property=\"og:url\" content=\"https:\/\/l-i-g.net\/de\/profil-mb\/\" \/>\n<meta property=\"og:site_name\" content=\"LIG\" \/>\n<meta property=\"article:modified_time\" content=\"2025-10-27T07:44:56+00:00\" \/>\n<meta property=\"og:image\" content=\"https:\/\/l-i-g.net\/wp-content\/uploads\/2025\/10\/Portrait_Martin-Bunzel_komprimiert-scaled.jpg\" \/>\n\t<meta property=\"og:image:width\" content=\"1707\" \/>\n\t<meta property=\"og:image:height\" content=\"2560\" \/>\n\t<meta property=\"og:image:type\" content=\"image\/jpeg\" \/>\n<meta name=\"twitter:card\" content=\"summary_large_image\" \/>\n<meta name=\"twitter:label1\" content=\"Gesch\u00e4tzte Lesezeit\" \/>\n\t<meta name=\"twitter:data1\" content=\"1\u00a0Minute\" \/>\n<script type=\"application\/ld+json\" class=\"yoast-schema-graph\">{\"@context\":\"https:\\\/\\\/schema.org\",\"@graph\":[{\"@type\":\"WebPage\",\"@id\":\"https:\\\/\\\/l-i-g.net\\\/de\\\/profil-mb\\\/\",\"url\":\"https:\\\/\\\/l-i-g.net\\\/de\\\/profil-mb\\\/\",\"name\":\"Profil MB - LIG\",\"isPartOf\":{\"@id\":\"https:\\\/\\\/l-i-g.net\\\/de\\\/#website\"},\"primaryImageOfPage\":{\"@id\":\"https:\\\/\\\/l-i-g.net\\\/de\\\/profil-mb\\\/#primaryimage\"},\"image\":{\"@id\":\"https:\\\/\\\/l-i-g.net\\\/de\\\/profil-mb\\\/#primaryimage\"},\"thumbnailUrl\":\"https:\\\/\\\/l-i-g.net\\\/wp-content\\\/uploads\\\/2025\\\/10\\\/Portrait_Martin-Bunzel_komprimiert-200x300.jpg\",\"datePublished\":\"2025-10-27T07:42:33+00:00\",\"dateModified\":\"2025-10-27T07:44:56+00:00\",\"description\":\"Nikolaus studierte Maschinenbau und Betriebswirtschaftslehre an der Technischen Universit\u00e4t Wien, wo er sich in seinem Masterstudium auf Automatisierung und Finanzen konzentrierte. Nach dem Universit\u00e4tsabschluss arbeitete er bei der Boston Consulting Group, am Standort Wien. Dort sammelte er umfassende Erfahrungen bei Restrukturierungs-, Industrie- und Private Equity-Projekten in Europa, den USA, dem Nahen Osten und China. Seit Januar arbeitet Niko als Projektmanager\\\/Berater bei der LIG, mit Fokus auf die Unternehmensentwicklung und die Expansion in die internationalen M\u00e4rkte.\",\"breadcrumb\":{\"@id\":\"https:\\\/\\\/l-i-g.net\\\/de\\\/profil-mb\\\/#breadcrumb\"},\"inLanguage\":\"de\",\"potentialAction\":[{\"@type\":\"ReadAction\",\"target\":[\"https:\\\/\\\/l-i-g.net\\\/de\\\/profil-mb\\\/\"]}]},{\"@type\":\"ImageObject\",\"inLanguage\":\"de\",\"@id\":\"https:\\\/\\\/l-i-g.net\\\/de\\\/profil-mb\\\/#primaryimage\",\"url\":\"https:\\\/\\\/l-i-g.net\\\/wp-content\\\/uploads\\\/2025\\\/10\\\/Portrait_Martin-Bunzel_komprimiert-200x300.jpg\",\"contentUrl\":\"https:\\\/\\\/l-i-g.net\\\/wp-content\\\/uploads\\\/2025\\\/10\\\/Portrait_Martin-Bunzel_komprimiert-200x300.jpg\"},{\"@type\":\"BreadcrumbList\",\"@id\":\"https:\\\/\\\/l-i-g.net\\\/de\\\/profil-mb\\\/#breadcrumb\",\"itemListElement\":[{\"@type\":\"ListItem\",\"position\":1,\"name\":\"Startseite\",\"item\":\"https:\\\/\\\/l-i-g.net\\\/\"},{\"@type\":\"ListItem\",\"position\":2,\"name\":\"Profil MB\"}]},{\"@type\":\"WebSite\",\"@id\":\"https:\\\/\\\/l-i-g.net\\\/de\\\/#website\",\"url\":\"https:\\\/\\\/l-i-g.net\\\/de\\\/\",\"name\":\"LIG\",\"description\":\"Webpr\u00e4senz Langenberger Innovation Group\",\"publisher\":{\"@id\":\"https:\\\/\\\/l-i-g.net\\\/de\\\/#organization\"},\"potentialAction\":[{\"@type\":\"SearchAction\",\"target\":{\"@type\":\"EntryPoint\",\"urlTemplate\":\"https:\\\/\\\/l-i-g.net\\\/de\\\/?s={search_term_string}\"},\"query-input\":{\"@type\":\"PropertyValueSpecification\",\"valueRequired\":true,\"valueName\":\"search_term_string\"}}],\"inLanguage\":\"de\"},{\"@type\":\"Organization\",\"@id\":\"https:\\\/\\\/l-i-g.net\\\/de\\\/#organization\",\"name\":\"Langenberger-Innovation-Group\",\"url\":\"https:\\\/\\\/l-i-g.net\\\/de\\\/\",\"logo\":{\"@type\":\"ImageObject\",\"inLanguage\":\"de\",\"@id\":\"https:\\\/\\\/l-i-g.net\\\/de\\\/#\\\/schema\\\/logo\\\/image\\\/\",\"url\":\"https:\\\/\\\/l-i-g.net\\\/wp-content\\\/uploads\\\/2020\\\/08\\\/LIG_Logo-RGB-FINAL.jpg\",\"contentUrl\":\"https:\\\/\\\/l-i-g.net\\\/wp-content\\\/uploads\\\/2020\\\/08\\\/LIG_Logo-RGB-FINAL.jpg\",\"width\":858,\"height\":626,\"caption\":\"Langenberger-Innovation-Group\"},\"image\":{\"@id\":\"https:\\\/\\\/l-i-g.net\\\/de\\\/#\\\/schema\\\/logo\\\/image\\\/\"}}]}<\/script>\n<!-- \/ Yoast SEO plugin. -->","yoast_head_json":{"title":"Profil MB - LIG","description":"Nikolaus studierte Maschinenbau und Betriebswirtschaftslehre an der Technischen Universit\u00e4t Wien, wo er sich in seinem Masterstudium auf Automatisierung und Finanzen konzentrierte. Nach dem Universit\u00e4tsabschluss arbeitete er bei der Boston Consulting Group, am Standort Wien. Dort sammelte er umfassende Erfahrungen bei Restrukturierungs-, Industrie- und Private Equity-Projekten in Europa, den USA, dem Nahen Osten und China. Seit Januar arbeitet Niko als Projektmanager\/Berater bei der LIG, mit Fokus auf die Unternehmensentwicklung und die Expansion in die internationalen M\u00e4rkte.","robots":{"index":"index","follow":"follow","max-snippet":"max-snippet:-1","max-image-preview":"max-image-preview:large","max-video-preview":"max-video-preview:-1"},"canonical":"https:\/\/l-i-g.net\/de\/profil-mb\/","og_locale":"de_DE","og_type":"article","og_title":"Profil MB - LIG","og_description":"Nikolaus studierte Maschinenbau und Betriebswirtschaftslehre an der Technischen Universit\u00e4t Wien, wo er sich in seinem Masterstudium auf Automatisierung und Finanzen konzentrierte. Nach dem Universit\u00e4tsabschluss arbeitete er bei der Boston Consulting Group, am Standort Wien. Dort sammelte er umfassende Erfahrungen bei Restrukturierungs-, Industrie- und Private Equity-Projekten in Europa, den USA, dem Nahen Osten und China. Seit Januar arbeitet Niko als Projektmanager\/Berater bei der LIG, mit Fokus auf die Unternehmensentwicklung und die Expansion in die internationalen M\u00e4rkte.","og_url":"https:\/\/l-i-g.net\/de\/profil-mb\/","og_site_name":"LIG","article_modified_time":"2025-10-27T07:44:56+00:00","og_image":[{"width":1707,"height":2560,"url":"https:\/\/l-i-g.net\/wp-content\/uploads\/2025\/10\/Portrait_Martin-Bunzel_komprimiert-scaled.jpg","type":"image\/jpeg"}],"twitter_card":"summary_large_image","twitter_misc":{"Gesch\u00e4tzte Lesezeit":"1\u00a0Minute"},"schema":{"@context":"https:\/\/schema.org","@graph":[{"@type":"WebPage","@id":"https:\/\/l-i-g.net\/de\/profil-mb\/","url":"https:\/\/l-i-g.net\/de\/profil-mb\/","name":"Profil MB - LIG","isPartOf":{"@id":"https:\/\/l-i-g.net\/de\/#website"},"primaryImageOfPage":{"@id":"https:\/\/l-i-g.net\/de\/profil-mb\/#primaryimage"},"image":{"@id":"https:\/\/l-i-g.net\/de\/profil-mb\/#primaryimage"},"thumbnailUrl":"https:\/\/l-i-g.net\/wp-content\/uploads\/2025\/10\/Portrait_Martin-Bunzel_komprimiert-200x300.jpg","datePublished":"2025-10-27T07:42:33+00:00","dateModified":"2025-10-27T07:44:56+00:00","description":"Nikolaus studierte Maschinenbau und Betriebswirtschaftslehre an der Technischen Universit\u00e4t Wien, wo er sich in seinem Masterstudium auf Automatisierung und Finanzen konzentrierte. Nach dem Universit\u00e4tsabschluss arbeitete er bei der Boston Consulting Group, am Standort Wien. Dort sammelte er umfassende Erfahrungen bei Restrukturierungs-, Industrie- und Private Equity-Projekten in Europa, den USA, dem Nahen Osten und China. Seit Januar arbeitet Niko als Projektmanager\/Berater bei der LIG, mit Fokus auf die Unternehmensentwicklung und die Expansion in die internationalen M\u00e4rkte.","breadcrumb":{"@id":"https:\/\/l-i-g.net\/de\/profil-mb\/#breadcrumb"},"inLanguage":"de","potentialAction":[{"@type":"ReadAction","target":["https:\/\/l-i-g.net\/de\/profil-mb\/"]}]},{"@type":"ImageObject","inLanguage":"de","@id":"https:\/\/l-i-g.net\/de\/profil-mb\/#primaryimage","url":"https:\/\/l-i-g.net\/wp-content\/uploads\/2025\/10\/Portrait_Martin-Bunzel_komprimiert-200x300.jpg","contentUrl":"https:\/\/l-i-g.net\/wp-content\/uploads\/2025\/10\/Portrait_Martin-Bunzel_komprimiert-200x300.jpg"},{"@type":"BreadcrumbList","@id":"https:\/\/l-i-g.net\/de\/profil-mb\/#breadcrumb","itemListElement":[{"@type":"ListItem","position":1,"name":"Startseite","item":"https:\/\/l-i-g.net\/"},{"@type":"ListItem","position":2,"name":"Profil MB"}]},{"@type":"WebSite","@id":"https:\/\/l-i-g.net\/de\/#website","url":"https:\/\/l-i-g.net\/de\/","name":"LIG","description":"Webpr\u00e4senz Langenberger Innovation Group","publisher":{"@id":"https:\/\/l-i-g.net\/de\/#organization"},"potentialAction":[{"@type":"SearchAction","target":{"@type":"EntryPoint","urlTemplate":"https:\/\/l-i-g.net\/de\/?s={search_term_string}"},"query-input":{"@type":"PropertyValueSpecification","valueRequired":true,"valueName":"search_term_string"}}],"inLanguage":"de"},{"@type":"Organization","@id":"https:\/\/l-i-g.net\/de\/#organization","name":"Langenberger-Innovation-Group","url":"https:\/\/l-i-g.net\/de\/","logo":{"@type":"ImageObject","inLanguage":"de","@id":"https:\/\/l-i-g.net\/de\/#\/schema\/logo\/image\/","url":"https:\/\/l-i-g.net\/wp-content\/uploads\/2020\/08\/LIG_Logo-RGB-FINAL.jpg","contentUrl":"https:\/\/l-i-g.net\/wp-content\/uploads\/2020\/08\/LIG_Logo-RGB-FINAL.jpg","width":858,"height":626,"caption":"Langenberger-Innovation-Group"},"image":{"@id":"https:\/\/l-i-g.net\/de\/#\/schema\/logo\/image\/"}}]}},"_links":{"self":[{"href":"https:\/\/l-i-g.net\/de\/wp-json\/wp\/v2\/pages\/6636","targetHints":{"allow":["GET"]}}],"collection":[{"href":"https:\/\/l-i-g.net\/de\/wp-json\/wp\/v2\/pages"}],"about":[{"href":"https:\/\/l-i-g.net\/de\/wp-json\/wp\/v2\/types\/page"}],"author":[{"embeddable":true,"href":"https:\/\/l-i-g.net\/de\/wp-json\/wp\/v2\/users\/2"}],"replies":[{"embeddable":true,"href":"https:\/\/l-i-g.net\/de\/wp-json\/wp\/v2\/comments?post=6636"}],"version-history":[{"count":1,"href":"https:\/\/l-i-g.net\/de\/wp-json\/wp\/v2\/pages\/6636\/revisions"}],"predecessor-version":[{"id":6683,"href":"https:\/\/l-i-g.net\/de\/wp-json\/wp\/v2\/pages\/6636\/revisions\/6683"}],"wp:attachment":[{"href":"https:\/\/l-i-g.net\/de\/wp-json\/wp\/v2\/media?parent=6636"}],"curies":[{"name":"wp","href":"https:\/\/api.w.org\/{rel}","templated":true}]}}