{"id":2673,"date":"2020-11-09T18:01:26","date_gmt":"2020-11-09T18:01:26","guid":{"rendered":"https:\/\/l-i-g.net\/?page_id=2673"},"modified":"2020-12-17T12:18:43","modified_gmt":"2020-12-17T12:18:43","slug":"profil-ms","status":"publish","type":"page","link":"https:\/\/l-i-g.net\/de\/profil-ms\/","title":{"rendered":"Profil MS"},"content":{"rendered":"\t\t<div data-elementor-type=\"wp-page\" data-elementor-id=\"2673\" class=\"elementor elementor-2673\" data-elementor-post-type=\"page\">\n\t\t\t\t\t\t<section class=\"elementor-section elementor-top-section elementor-element elementor-element-37403f0f elementor-section-boxed elementor-section-height-default elementor-section-height-default\" data-id=\"37403f0f\" data-element_type=\"section\" data-e-type=\"section\">\n\t\t\t\t\t\t<div class=\"elementor-container elementor-column-gap-default\">\n\t\t\t\t\t<div class=\"elementor-column elementor-col-100 elementor-top-column elementor-element elementor-element-2560de66\" data-id=\"2560de66\" data-element_type=\"column\" data-e-type=\"column\">\n\t\t\t<div class=\"elementor-widget-wrap elementor-element-populated\">\n\t\t\t\t\t\t<div class=\"elementor-element elementor-element-7cb4f270 elementor-widget elementor-widget-heading\" data-id=\"7cb4f270\" data-element_type=\"widget\" data-e-type=\"widget\" data-widget_type=\"heading.default\">\n\t\t\t\t<div class=\"elementor-widget-container\">\n\t\t\t\t\t<h2 class=\"elementor-heading-title elementor-size-default\">Professional CV<\/h2>\t\t\t\t<\/div>\n\t\t\t\t<\/div>\n\t\t\t\t\t<\/div>\n\t\t<\/div>\n\t\t\t\t\t<\/div>\n\t\t<\/section>\n\t\t\t\t<section class=\"elementor-section elementor-top-section elementor-element elementor-element-754f6a23 elementor-section-height-min-height elementor-section-items-stretch elementor-section-content-middle elementor-reverse-mobile elementor-reverse-tablet elementor-section-boxed elementor-section-height-default\" data-id=\"754f6a23\" data-element_type=\"section\" data-e-type=\"section\">\n\t\t\t\t\t\t<div class=\"elementor-container elementor-column-gap-default\">\n\t\t\t\t\t<div class=\"elementor-column elementor-col-50 elementor-top-column elementor-element elementor-element-4943b6d4\" data-id=\"4943b6d4\" data-element_type=\"column\" data-e-type=\"column\">\n\t\t\t<div class=\"elementor-widget-wrap elementor-element-populated\">\n\t\t\t\t\t\t<div class=\"elementor-element elementor-element-61065e67 animated-fast elementor-invisible elementor-widget elementor-widget-heading\" data-id=\"61065e67\" data-element_type=\"widget\" data-e-type=\"widget\" data-settings=\"{&quot;_animation&quot;:&quot;fadeIn&quot;}\" data-widget_type=\"heading.default\">\n\t\t\t\t<div class=\"elementor-widget-container\">\n\t\t\t\t\t<h1 class=\"elementor-heading-title elementor-size-default\">Maria Sinderhauf<\/h1>\t\t\t\t<\/div>\n\t\t\t\t<\/div>\n\t\t\t\t<div class=\"elementor-element elementor-element-7898b7cc elementor-invisible elementor-widget elementor-widget-text-editor\" data-id=\"7898b7cc\" data-element_type=\"widget\" data-e-type=\"widget\" data-settings=\"{&quot;_animation&quot;:&quot;fadeIn&quot;}\" data-widget_type=\"text-editor.default\">\n\t\t\t\t<div class=\"elementor-widget-container\">\n\t\t\t\t\t\t\t\t\t<p><strong>\u201e<\/strong>Die gr\u00f6\u00dfte Erfindung des menschlichen Geistes? <br \/>&#8211; Die Zinseszinsen!&#8220; <\/p><p>(Albert Einstein)<\/p>\t\t\t\t\t\t\t\t<\/div>\n\t\t\t\t<\/div>\n\t\t\t\t\t<\/div>\n\t\t<\/div>\n\t\t\t\t<div class=\"elementor-column elementor-col-50 elementor-top-column elementor-element elementor-element-10b09f2a\" data-id=\"10b09f2a\" data-element_type=\"column\" data-e-type=\"column\" data-settings=\"{&quot;background_background&quot;:&quot;classic&quot;}\">\n\t\t\t<div class=\"elementor-widget-wrap elementor-element-populated\">\n\t\t\t\t\t\t<div class=\"elementor-element elementor-element-4bfa8c78 elementor-widget elementor-widget-image\" data-id=\"4bfa8c78\" data-element_type=\"widget\" data-e-type=\"widget\" data-widget_type=\"image.default\">\n\t\t\t\t<div class=\"elementor-widget-container\">\n\t\t\t\t\t\t\t\t\t\t\t\t\t\t\t\t<a href=\"https:\/\/l-i-g.net\/wp-content\/uploads\/2020\/12\/Sinderhauf-Maria_klein-scaled.jpg\" data-elementor-open-lightbox=\"yes\" data-elementor-lightbox-title=\"Sinderhauf Maria_klein\" data-e-action-hash=\"#elementor-action%3Aaction%3Dlightbox%26settings%3DeyJpZCI6NDM2NywidXJsIjoiaHR0cHM6XC9cL2wtaS1nLm5ldFwvd3AtY29udGVudFwvdXBsb2Fkc1wvMjAyMFwvMTJcL1NpbmRlcmhhdWYtTWFyaWFfa2xlaW4tc2NhbGVkLmpwZyJ9\">\n\t\t\t\t\t\t\t<img fetchpriority=\"high\" decoding=\"async\" width=\"200\" height=\"300\" src=\"https:\/\/l-i-g.net\/wp-content\/uploads\/2020\/12\/Sinderhauf-Maria_klein-200x300.jpg\" class=\"attachment-medium size-medium wp-image-4367\" alt=\"\" srcset=\"https:\/\/l-i-g.net\/wp-content\/uploads\/2020\/12\/Sinderhauf-Maria_klein-200x300.jpg 200w, https:\/\/l-i-g.net\/wp-content\/uploads\/2020\/12\/Sinderhauf-Maria_klein-682x1024.jpg 682w, https:\/\/l-i-g.net\/wp-content\/uploads\/2020\/12\/Sinderhauf-Maria_klein-768x1154.jpg 768w, https:\/\/l-i-g.net\/wp-content\/uploads\/2020\/12\/Sinderhauf-Maria_klein-1022x1536.jpg 1022w, https:\/\/l-i-g.net\/wp-content\/uploads\/2020\/12\/Sinderhauf-Maria_klein-1363x2048.jpg 1363w, https:\/\/l-i-g.net\/wp-content\/uploads\/2020\/12\/Sinderhauf-Maria_klein-8x12.jpg 8w, https:\/\/l-i-g.net\/wp-content\/uploads\/2020\/12\/Sinderhauf-Maria_klein-scaled.jpg 1704w\" sizes=\"(max-width: 200px) 100vw, 200px\" \/>\t\t\t\t\t\t\t\t<\/a>\n\t\t\t\t\t\t\t\t\t\t\t\t\t\t\t<\/div>\n\t\t\t\t<\/div>\n\t\t\t\t\t<\/div>\n\t\t<\/div>\n\t\t\t\t\t<\/div>\n\t\t<\/section>\n\t\t\t\t<section class=\"elementor-section elementor-top-section elementor-element elementor-element-1e598d75 elementor-section-items-stretch elementor-section-content-bottom elementor-section-height-min-height elementor-section-boxed elementor-section-height-default\" data-id=\"1e598d75\" data-element_type=\"section\" data-e-type=\"section\" id=\"CV\">\n\t\t\t\t\t\t<div class=\"elementor-container elementor-column-gap-default\">\n\t\t\t\t\t<div class=\"elementor-column elementor-col-100 elementor-top-column elementor-element elementor-element-43a18f10\" data-id=\"43a18f10\" data-element_type=\"column\" data-e-type=\"column\" data-settings=\"{&quot;background_background&quot;:&quot;classic&quot;}\">\n\t\t\t<div class=\"elementor-widget-wrap elementor-element-populated\">\n\t\t\t\t\t\t<section class=\"elementor-section elementor-inner-section elementor-element elementor-element-30dba4ba elementor-section-full_width elementor-section-height-default elementor-section-height-default\" data-id=\"30dba4ba\" data-element_type=\"section\" data-e-type=\"section\">\n\t\t\t\t\t\t<div class=\"elementor-container elementor-column-gap-default\">\n\t\t\t\t\t<div class=\"elementor-column elementor-col-100 elementor-inner-column elementor-element elementor-element-323a79a3 animated-fast elementor-invisible\" data-id=\"323a79a3\" data-element_type=\"column\" data-e-type=\"column\" data-settings=\"{&quot;animation&quot;:&quot;fadeIn&quot;,&quot;animation_delay&quot;:&quot;200&quot;,&quot;animation_mobile&quot;:&quot;none&quot;}\">\n\t\t\t<div class=\"elementor-widget-wrap elementor-element-populated\">\n\t\t\t\t\t\t<div class=\"elementor-element elementor-element-469381c9 elementor-widget elementor-widget-heading\" data-id=\"469381c9\" data-element_type=\"widget\" data-e-type=\"widget\" data-widget_type=\"heading.default\">\n\t\t\t\t<div class=\"elementor-widget-container\">\n\t\t\t\t\t<h3 class=\"elementor-heading-title elementor-size-default\">Berufliche Meilensteine<\/h3>\t\t\t\t<\/div>\n\t\t\t\t<\/div>\n\t\t\t\t<div class=\"elementor-element elementor-element-70f14c46 elementor-widget-divider--view-line elementor-widget elementor-widget-divider\" data-id=\"70f14c46\" data-element_type=\"widget\" data-e-type=\"widget\" data-widget_type=\"divider.default\">\n\t\t\t\t<div class=\"elementor-widget-container\">\n\t\t\t\t\t\t\t<div class=\"elementor-divider\">\n\t\t\t<span class=\"elementor-divider-separator\">\n\t\t\t\t\t\t<\/span>\n\t\t<\/div>\n\t\t\t\t\t\t<\/div>\n\t\t\t\t<\/div>\n\t\t\t\t<div class=\"elementor-element elementor-element-5e89feda elementor-invisible elementor-widget elementor-widget-text-editor\" data-id=\"5e89feda\" data-element_type=\"widget\" data-e-type=\"widget\" data-settings=\"{&quot;_animation&quot;:&quot;fadeIn&quot;}\" data-widget_type=\"text-editor.default\">\n\t\t\t\t<div class=\"elementor-widget-container\">\n\t\t\t\t\t\t\t\t\t<p>Nach Abschluss Ihrer Ausbildung als Industriekauffrau kam Maria Sinderhauf 1999 zur Firma Doppstadt, wo sie seitdem als rechte Hand von Ferdinand Doppstadt t\u00e4tig ist und die Entwicklung der Gruppe mit begleitet hat. So verkn\u00fcpft sich ihr eigener erfolgreicher berufliche Werdegang mit der stetigen Entwicklung der Firma Doppstadt.<\/p><p>Aus dieser Vertrauensstellung und Verbundenheit heraus unterst\u00fctzte sie auch den Generationenwechsel der Firma Doppstadt auf Ferdinand Doppstadt &#8211; dem alleinigen Gesellschafter der heutigen LIG.\u00a0\u00a0<\/p><p>Heute ist Maria Sinderhauf in verschiedenen Unternehmungen von Ferdinand Doppstadt als Gesch\u00e4ftsf\u00fchrerin aktiv. In der LIG selbst unterst\u00fctzt sie als Assistentin der Gesch\u00e4ftsf\u00fchrung mit dem Schwerpunkt Buchhaltung.<\/p>\t\t\t\t\t\t\t\t<\/div>\n\t\t\t\t<\/div>\n\t\t\t\t\t<\/div>\n\t\t<\/div>\n\t\t\t\t\t<\/div>\n\t\t<\/section>\n\t\t\t\t<div class=\"elementor-element elementor-element-832fba8 elementor-button-info elementor-align-center elementor-widget elementor-widget-button\" data-id=\"832fba8\" data-element_type=\"widget\" data-e-type=\"widget\" data-widget_type=\"button.default\">\n\t\t\t\t<div class=\"elementor-widget-container\">\n\t\t\t\t\t\t\t\t\t<div class=\"elementor-button-wrapper\">\n\t\t\t\t\t<a class=\"elementor-button elementor-button-link elementor-size-sm\" href=\"https:\/\/l-i-g.net\/strategie\/#Team\">\n\t\t\t\t\t\t<span class=\"elementor-button-content-wrapper\">\n\t\t\t\t\t\t\t\t\t<span class=\"elementor-button-text\">zur\u00fcck zum Team<\/span>\n\t\t\t\t\t<\/span>\n\t\t\t\t\t<\/a>\n\t\t\t\t<\/div>\n\t\t\t\t\t\t\t\t<\/div>\n\t\t\t\t<\/div>\n\t\t\t\t\t<\/div>\n\t\t<\/div>\n\t\t\t\t\t<\/div>\n\t\t<\/section>\n\t\t\t\t<section class=\"elementor-section elementor-top-section elementor-element elementor-element-73d09fb0 elementor-section-full_width elementor-section-height-default elementor-section-height-default\" data-id=\"73d09fb0\" data-element_type=\"section\" data-e-type=\"section\">\n\t\t\t\t\t\t<div class=\"elementor-container elementor-column-gap-default\">\n\t\t\t\t\t<div class=\"elementor-column elementor-col-20 elementor-top-column elementor-element elementor-element-62b1d0c8\" data-id=\"62b1d0c8\" data-element_type=\"column\" data-e-type=\"column\">\n\t\t\t<div class=\"elementor-widget-wrap\">\n\t\t\t\t\t\t\t<\/div>\n\t\t<\/div>\n\t\t\t\t<div class=\"elementor-column elementor-col-20 elementor-top-column elementor-element elementor-element-1bfecaad\" data-id=\"1bfecaad\" data-element_type=\"column\" data-e-type=\"column\">\n\t\t\t<div class=\"elementor-widget-wrap elementor-element-populated\">\n\t\t\t\t\t\t<div class=\"elementor-element elementor-element-60f834d3 elementor-align-center elementor-widget elementor-widget-button\" data-id=\"60f834d3\" data-element_type=\"widget\" data-e-type=\"widget\" data-settings=\"{&quot;_animation&quot;:&quot;none&quot;}\" data-widget_type=\"button.default\">\n\t\t\t\t<div class=\"elementor-widget-container\">\n\t\t\t\t\t\t\t\t\t<div class=\"elementor-button-wrapper\">\n\t\t\t\t\t<a class=\"elementor-button elementor-button-link elementor-size-sm\" href=\"https:\/\/l-i-g.net\/quellennachweis\" target=\"_blank\">\n\t\t\t\t\t\t<span class=\"elementor-button-content-wrapper\">\n\t\t\t\t\t\t<span class=\"elementor-button-icon\">\n\t\t\t\t<i aria-hidden=\"true\" class=\"fas fa-id-card\"><\/i>\t\t\t<\/span>\n\t\t\t\t\t\t\t\t\t<span class=\"elementor-button-text\">Quellennachweis<\/span>\n\t\t\t\t\t<\/span>\n\t\t\t\t\t<\/a>\n\t\t\t\t<\/div>\n\t\t\t\t\t\t\t\t<\/div>\n\t\t\t\t<\/div>\n\t\t\t\t\t<\/div>\n\t\t<\/div>\n\t\t\t\t<div class=\"elementor-column elementor-col-20 elementor-top-column elementor-element elementor-element-7ab6adc9\" data-id=\"7ab6adc9\" data-element_type=\"column\" data-e-type=\"column\">\n\t\t\t<div class=\"elementor-widget-wrap elementor-element-populated\">\n\t\t\t\t\t\t<div class=\"elementor-element elementor-element-6d565a17 elementor-align-center elementor-widget elementor-widget-button\" data-id=\"6d565a17\" data-element_type=\"widget\" data-e-type=\"widget\" data-settings=\"{&quot;_animation&quot;:&quot;none&quot;}\" data-widget_type=\"button.default\">\n\t\t\t\t<div class=\"elementor-widget-container\">\n\t\t\t\t\t\t\t\t\t<div class=\"elementor-button-wrapper\">\n\t\t\t\t\t<a class=\"elementor-button elementor-button-link elementor-size-sm\" href=\"https:\/\/l-i-g.net\/impressum\" target=\"_blank\" rel=\"nofollow\">\n\t\t\t\t\t\t<span class=\"elementor-button-content-wrapper\">\n\t\t\t\t\t\t<span class=\"elementor-button-icon\">\n\t\t\t\t<i aria-hidden=\"true\" class=\"fas fa-id-card\"><\/i>\t\t\t<\/span>\n\t\t\t\t\t\t\t\t\t<span class=\"elementor-button-text\">Impressum<\/span>\n\t\t\t\t\t<\/span>\n\t\t\t\t\t<\/a>\n\t\t\t\t<\/div>\n\t\t\t\t\t\t\t\t<\/div>\n\t\t\t\t<\/div>\n\t\t\t\t\t<\/div>\n\t\t<\/div>\n\t\t\t\t<div class=\"elementor-column elementor-col-20 elementor-top-column elementor-element elementor-element-de83323\" data-id=\"de83323\" data-element_type=\"column\" data-e-type=\"column\">\n\t\t\t<div class=\"elementor-widget-wrap elementor-element-populated\">\n\t\t\t\t\t\t<div class=\"elementor-element elementor-element-4d6c0cc3 elementor-align-center elementor-widget elementor-widget-button\" data-id=\"4d6c0cc3\" data-element_type=\"widget\" data-e-type=\"widget\" data-widget_type=\"button.default\">\n\t\t\t\t<div class=\"elementor-widget-container\">\n\t\t\t\t\t\t\t\t\t<div class=\"elementor-button-wrapper\">\n\t\t\t\t\t<a class=\"elementor-button elementor-button-link elementor-size-sm\" href=\"https:\/\/l-i-g.net\/hinweise-zum-datenschutz\" target=\"_blank\">\n\t\t\t\t\t\t<span class=\"elementor-button-content-wrapper\">\n\t\t\t\t\t\t<span class=\"elementor-button-icon\">\n\t\t\t\t<i aria-hidden=\"true\" class=\"fas fa-graduation-cap\"><\/i>\t\t\t<\/span>\n\t\t\t\t\t\t\t\t\t<span class=\"elementor-button-text\">Datenschutzhinweise<\/span>\n\t\t\t\t\t<\/span>\n\t\t\t\t\t<\/a>\n\t\t\t\t<\/div>\n\t\t\t\t\t\t\t\t<\/div>\n\t\t\t\t<\/div>\n\t\t\t\t\t<\/div>\n\t\t<\/div>\n\t\t\t\t<div class=\"elementor-column elementor-col-20 elementor-top-column elementor-element elementor-element-44da5b09\" data-id=\"44da5b09\" data-element_type=\"column\" data-e-type=\"column\">\n\t\t\t<div class=\"elementor-widget-wrap\">\n\t\t\t\t\t\t\t<\/div>\n\t\t<\/div>\n\t\t\t\t\t<\/div>\n\t\t<\/section>\n\t\t\t\t<\/div>\n\t\t","protected":false},"excerpt":{"rendered":"<p>Professional CV Maria Sinderhauf \u201eDie gr\u00f6\u00dfte Erfindung des menschlichen Geistes? &#8211; Die Zinseszinsen!&#8220; (Albert Einstein) Berufliche Meilensteine Nach Abschluss Ihrer Ausbildung als Industriekauffrau kam Maria Sinderhauf 1999 zur Firma Doppstadt, wo sie seitdem als rechte Hand von Ferdinand Doppstadt t\u00e4tig ist und die Entwicklung der Gruppe mit begleitet hat. So verkn\u00fcpft sich ihr eigener erfolgreicher [&hellip;]<\/p>\n","protected":false},"author":2,"featured_media":0,"parent":0,"menu_order":0,"comment_status":"closed","ping_status":"closed","template":"elementor_canvas","meta":{"footnotes":""},"class_list":["post-2673","page","type-page","status-publish","hentry"],"yoast_head":"<!-- This site is optimized with the Yoast SEO plugin v27.4 - https:\/\/yoast.com\/product\/yoast-seo-wordpress\/ -->\n<title>Profil MS - LIG<\/title>\n<meta name=\"robots\" content=\"index, follow, max-snippet:-1, max-image-preview:large, max-video-preview:-1\" \/>\n<link rel=\"canonical\" href=\"https:\/\/l-i-g.net\/de\/profil-ms\/\" \/>\n<meta property=\"og:locale\" content=\"de_DE\" \/>\n<meta property=\"og:type\" content=\"article\" \/>\n<meta property=\"og:title\" content=\"Profil MS - LIG\" \/>\n<meta property=\"og:description\" content=\"Professional CV Maria Sinderhauf \u201eDie gr\u00f6\u00dfte Erfindung des menschlichen Geistes? &#8211; Die Zinseszinsen!&#8220; (Albert Einstein) Berufliche Meilensteine Nach Abschluss Ihrer Ausbildung als Industriekauffrau kam Maria Sinderhauf 1999 zur Firma Doppstadt, wo sie seitdem als rechte Hand von Ferdinand Doppstadt t\u00e4tig ist und die Entwicklung der Gruppe mit begleitet hat. So verkn\u00fcpft sich ihr eigener erfolgreicher [&hellip;]\" \/>\n<meta property=\"og:url\" content=\"https:\/\/l-i-g.net\/de\/profil-ms\/\" \/>\n<meta property=\"og:site_name\" content=\"LIG\" \/>\n<meta property=\"article:modified_time\" content=\"2020-12-17T12:18:43+00:00\" \/>\n<meta property=\"og:image\" content=\"https:\/\/l-i-g.net\/wp-content\/uploads\/2020\/12\/Sinderhauf-Maria_klein-200x300.jpg\" \/>\n<meta name=\"twitter:card\" content=\"summary_large_image\" \/>\n<meta name=\"twitter:label1\" content=\"Gesch\u00e4tzte Lesezeit\" \/>\n\t<meta name=\"twitter:data1\" content=\"1\u00a0Minute\" \/>\n<script type=\"application\/ld+json\" class=\"yoast-schema-graph\">{\"@context\":\"https:\\\/\\\/schema.org\",\"@graph\":[{\"@type\":\"WebPage\",\"@id\":\"https:\\\/\\\/l-i-g.net\\\/de\\\/profil-ms\\\/\",\"url\":\"https:\\\/\\\/l-i-g.net\\\/de\\\/profil-ms\\\/\",\"name\":\"Profil MS - LIG\",\"isPartOf\":{\"@id\":\"https:\\\/\\\/l-i-g.net\\\/de\\\/#website\"},\"primaryImageOfPage\":{\"@id\":\"https:\\\/\\\/l-i-g.net\\\/de\\\/profil-ms\\\/#primaryimage\"},\"image\":{\"@id\":\"https:\\\/\\\/l-i-g.net\\\/de\\\/profil-ms\\\/#primaryimage\"},\"thumbnailUrl\":\"https:\\\/\\\/l-i-g.net\\\/wp-content\\\/uploads\\\/2020\\\/12\\\/Sinderhauf-Maria_klein-200x300.jpg\",\"datePublished\":\"2020-11-09T18:01:26+00:00\",\"dateModified\":\"2020-12-17T12:18:43+00:00\",\"breadcrumb\":{\"@id\":\"https:\\\/\\\/l-i-g.net\\\/de\\\/profil-ms\\\/#breadcrumb\"},\"inLanguage\":\"de\",\"potentialAction\":[{\"@type\":\"ReadAction\",\"target\":[\"https:\\\/\\\/l-i-g.net\\\/de\\\/profil-ms\\\/\"]}]},{\"@type\":\"ImageObject\",\"inLanguage\":\"de\",\"@id\":\"https:\\\/\\\/l-i-g.net\\\/de\\\/profil-ms\\\/#primaryimage\",\"url\":\"https:\\\/\\\/l-i-g.net\\\/wp-content\\\/uploads\\\/2020\\\/12\\\/Sinderhauf-Maria_klein-200x300.jpg\",\"contentUrl\":\"https:\\\/\\\/l-i-g.net\\\/wp-content\\\/uploads\\\/2020\\\/12\\\/Sinderhauf-Maria_klein-200x300.jpg\"},{\"@type\":\"BreadcrumbList\",\"@id\":\"https:\\\/\\\/l-i-g.net\\\/de\\\/profil-ms\\\/#breadcrumb\",\"itemListElement\":[{\"@type\":\"ListItem\",\"position\":1,\"name\":\"Startseite\",\"item\":\"https:\\\/\\\/l-i-g.net\\\/\"},{\"@type\":\"ListItem\",\"position\":2,\"name\":\"Profil MS\"}]},{\"@type\":\"WebSite\",\"@id\":\"https:\\\/\\\/l-i-g.net\\\/de\\\/#website\",\"url\":\"https:\\\/\\\/l-i-g.net\\\/de\\\/\",\"name\":\"LIG\",\"description\":\"Webpr\u00e4senz Langenberger Innovation Group\",\"publisher\":{\"@id\":\"https:\\\/\\\/l-i-g.net\\\/de\\\/#organization\"},\"potentialAction\":[{\"@type\":\"SearchAction\",\"target\":{\"@type\":\"EntryPoint\",\"urlTemplate\":\"https:\\\/\\\/l-i-g.net\\\/de\\\/?s={search_term_string}\"},\"query-input\":{\"@type\":\"PropertyValueSpecification\",\"valueRequired\":true,\"valueName\":\"search_term_string\"}}],\"inLanguage\":\"de\"},{\"@type\":\"Organization\",\"@id\":\"https:\\\/\\\/l-i-g.net\\\/de\\\/#organization\",\"name\":\"Langenberger-Innovation-Group\",\"url\":\"https:\\\/\\\/l-i-g.net\\\/de\\\/\",\"logo\":{\"@type\":\"ImageObject\",\"inLanguage\":\"de\",\"@id\":\"https:\\\/\\\/l-i-g.net\\\/de\\\/#\\\/schema\\\/logo\\\/image\\\/\",\"url\":\"https:\\\/\\\/l-i-g.net\\\/wp-content\\\/uploads\\\/2020\\\/08\\\/LIG_Logo-RGB-FINAL.jpg\",\"contentUrl\":\"https:\\\/\\\/l-i-g.net\\\/wp-content\\\/uploads\\\/2020\\\/08\\\/LIG_Logo-RGB-FINAL.jpg\",\"width\":858,\"height\":626,\"caption\":\"Langenberger-Innovation-Group\"},\"image\":{\"@id\":\"https:\\\/\\\/l-i-g.net\\\/de\\\/#\\\/schema\\\/logo\\\/image\\\/\"}}]}<\/script>\n<!-- \/ Yoast SEO plugin. -->","yoast_head_json":{"title":"Profil MS - LIG","robots":{"index":"index","follow":"follow","max-snippet":"max-snippet:-1","max-image-preview":"max-image-preview:large","max-video-preview":"max-video-preview:-1"},"canonical":"https:\/\/l-i-g.net\/de\/profil-ms\/","og_locale":"de_DE","og_type":"article","og_title":"Profil MS - LIG","og_description":"Professional CV Maria Sinderhauf \u201eDie gr\u00f6\u00dfte Erfindung des menschlichen Geistes? &#8211; Die Zinseszinsen!&#8220; (Albert Einstein) Berufliche Meilensteine Nach Abschluss Ihrer Ausbildung als Industriekauffrau kam Maria Sinderhauf 1999 zur Firma Doppstadt, wo sie seitdem als rechte Hand von Ferdinand Doppstadt t\u00e4tig ist und die Entwicklung der Gruppe mit begleitet hat. So verkn\u00fcpft sich ihr eigener erfolgreicher [&hellip;]","og_url":"https:\/\/l-i-g.net\/de\/profil-ms\/","og_site_name":"LIG","article_modified_time":"2020-12-17T12:18:43+00:00","og_image":[{"url":"https:\/\/l-i-g.net\/wp-content\/uploads\/2020\/12\/Sinderhauf-Maria_klein-200x300.jpg","type":"","width":"","height":""}],"twitter_card":"summary_large_image","twitter_misc":{"Gesch\u00e4tzte Lesezeit":"1\u00a0Minute"},"schema":{"@context":"https:\/\/schema.org","@graph":[{"@type":"WebPage","@id":"https:\/\/l-i-g.net\/de\/profil-ms\/","url":"https:\/\/l-i-g.net\/de\/profil-ms\/","name":"Profil MS - LIG","isPartOf":{"@id":"https:\/\/l-i-g.net\/de\/#website"},"primaryImageOfPage":{"@id":"https:\/\/l-i-g.net\/de\/profil-ms\/#primaryimage"},"image":{"@id":"https:\/\/l-i-g.net\/de\/profil-ms\/#primaryimage"},"thumbnailUrl":"https:\/\/l-i-g.net\/wp-content\/uploads\/2020\/12\/Sinderhauf-Maria_klein-200x300.jpg","datePublished":"2020-11-09T18:01:26+00:00","dateModified":"2020-12-17T12:18:43+00:00","breadcrumb":{"@id":"https:\/\/l-i-g.net\/de\/profil-ms\/#breadcrumb"},"inLanguage":"de","potentialAction":[{"@type":"ReadAction","target":["https:\/\/l-i-g.net\/de\/profil-ms\/"]}]},{"@type":"ImageObject","inLanguage":"de","@id":"https:\/\/l-i-g.net\/de\/profil-ms\/#primaryimage","url":"https:\/\/l-i-g.net\/wp-content\/uploads\/2020\/12\/Sinderhauf-Maria_klein-200x300.jpg","contentUrl":"https:\/\/l-i-g.net\/wp-content\/uploads\/2020\/12\/Sinderhauf-Maria_klein-200x300.jpg"},{"@type":"BreadcrumbList","@id":"https:\/\/l-i-g.net\/de\/profil-ms\/#breadcrumb","itemListElement":[{"@type":"ListItem","position":1,"name":"Startseite","item":"https:\/\/l-i-g.net\/"},{"@type":"ListItem","position":2,"name":"Profil MS"}]},{"@type":"WebSite","@id":"https:\/\/l-i-g.net\/de\/#website","url":"https:\/\/l-i-g.net\/de\/","name":"LIG","description":"Webpr\u00e4senz Langenberger Innovation Group","publisher":{"@id":"https:\/\/l-i-g.net\/de\/#organization"},"potentialAction":[{"@type":"SearchAction","target":{"@type":"EntryPoint","urlTemplate":"https:\/\/l-i-g.net\/de\/?s={search_term_string}"},"query-input":{"@type":"PropertyValueSpecification","valueRequired":true,"valueName":"search_term_string"}}],"inLanguage":"de"},{"@type":"Organization","@id":"https:\/\/l-i-g.net\/de\/#organization","name":"Langenberger-Innovation-Group","url":"https:\/\/l-i-g.net\/de\/","logo":{"@type":"ImageObject","inLanguage":"de","@id":"https:\/\/l-i-g.net\/de\/#\/schema\/logo\/image\/","url":"https:\/\/l-i-g.net\/wp-content\/uploads\/2020\/08\/LIG_Logo-RGB-FINAL.jpg","contentUrl":"https:\/\/l-i-g.net\/wp-content\/uploads\/2020\/08\/LIG_Logo-RGB-FINAL.jpg","width":858,"height":626,"caption":"Langenberger-Innovation-Group"},"image":{"@id":"https:\/\/l-i-g.net\/de\/#\/schema\/logo\/image\/"}}]}},"_links":{"self":[{"href":"https:\/\/l-i-g.net\/de\/wp-json\/wp\/v2\/pages\/2673","targetHints":{"allow":["GET"]}}],"collection":[{"href":"https:\/\/l-i-g.net\/de\/wp-json\/wp\/v2\/pages"}],"about":[{"href":"https:\/\/l-i-g.net\/de\/wp-json\/wp\/v2\/types\/page"}],"author":[{"embeddable":true,"href":"https:\/\/l-i-g.net\/de\/wp-json\/wp\/v2\/users\/2"}],"replies":[{"embeddable":true,"href":"https:\/\/l-i-g.net\/de\/wp-json\/wp\/v2\/comments?post=2673"}],"version-history":[{"count":0,"href":"https:\/\/l-i-g.net\/de\/wp-json\/wp\/v2\/pages\/2673\/revisions"}],"wp:attachment":[{"href":"https:\/\/l-i-g.net\/de\/wp-json\/wp\/v2\/media?parent=2673"}],"curies":[{"name":"wp","href":"https:\/\/api.w.org\/{rel}","templated":true}]}}