{"id":2339,"date":"2020-10-25T16:48:52","date_gmt":"2020-10-25T16:48:52","guid":{"rendered":"https:\/\/l-i-g.net\/?page_id=2339"},"modified":"2020-12-18T17:39:55","modified_gmt":"2020-12-18T17:39:55","slug":"profil-kk","status":"publish","type":"page","link":"https:\/\/l-i-g.net\/de\/profil-kk\/","title":{"rendered":"Profil KK"},"content":{"rendered":"\t\t<div data-elementor-type=\"wp-page\" data-elementor-id=\"2339\" class=\"elementor elementor-2339\" data-elementor-post-type=\"page\">\n\t\t\t\t\t\t<section class=\"elementor-section elementor-top-section elementor-element elementor-element-37f8a02c elementor-section-boxed elementor-section-height-default elementor-section-height-default\" data-id=\"37f8a02c\" data-element_type=\"section\" data-e-type=\"section\">\n\t\t\t\t\t\t<div class=\"elementor-container elementor-column-gap-default\">\n\t\t\t\t\t<div class=\"elementor-column elementor-col-100 elementor-top-column elementor-element elementor-element-19a7b54a\" data-id=\"19a7b54a\" data-element_type=\"column\" data-e-type=\"column\">\n\t\t\t<div class=\"elementor-widget-wrap elementor-element-populated\">\n\t\t\t\t\t\t<div class=\"elementor-element elementor-element-7f8c004e elementor-widget elementor-widget-heading\" data-id=\"7f8c004e\" data-element_type=\"widget\" data-e-type=\"widget\" data-widget_type=\"heading.default\">\n\t\t\t\t<div class=\"elementor-widget-container\">\n\t\t\t\t\t<h2 class=\"elementor-heading-title elementor-size-default\">Professional CV<\/h2>\t\t\t\t<\/div>\n\t\t\t\t<\/div>\n\t\t\t\t\t<\/div>\n\t\t<\/div>\n\t\t\t\t\t<\/div>\n\t\t<\/section>\n\t\t\t\t<section class=\"elementor-section elementor-top-section elementor-element elementor-element-1a09a1f7 elementor-section-height-min-height elementor-section-items-stretch elementor-section-content-middle elementor-reverse-mobile elementor-reverse-tablet elementor-section-boxed elementor-section-height-default\" data-id=\"1a09a1f7\" data-element_type=\"section\" data-e-type=\"section\">\n\t\t\t\t\t\t<div class=\"elementor-container elementor-column-gap-default\">\n\t\t\t\t\t<div class=\"elementor-column elementor-col-50 elementor-top-column elementor-element elementor-element-54c96d36\" data-id=\"54c96d36\" data-element_type=\"column\" data-e-type=\"column\">\n\t\t\t<div class=\"elementor-widget-wrap elementor-element-populated\">\n\t\t\t\t\t\t<div class=\"elementor-element elementor-element-5a48e43a animated-fast elementor-invisible elementor-widget elementor-widget-heading\" data-id=\"5a48e43a\" data-element_type=\"widget\" data-e-type=\"widget\" data-settings=\"{&quot;_animation&quot;:&quot;fadeIn&quot;}\" data-widget_type=\"heading.default\">\n\t\t\t\t<div class=\"elementor-widget-container\">\n\t\t\t\t\t<h1 class=\"elementor-heading-title elementor-size-default\">Konrad Kerres<\/h1>\t\t\t\t<\/div>\n\t\t\t\t<\/div>\n\t\t\t\t<div class=\"elementor-element elementor-element-1de05253 elementor-invisible elementor-widget elementor-widget-heading\" data-id=\"1de05253\" data-element_type=\"widget\" data-e-type=\"widget\" data-settings=\"{&quot;_animation&quot;:&quot;fadeIn&quot;}\" data-widget_type=\"heading.default\">\n\t\t\t\t<div class=\"elementor-widget-container\">\n\t\t\t\t\t<h4 class=\"elementor-heading-title elementor-size-default\">Dr.-Ing.<\/h4>\t\t\t\t<\/div>\n\t\t\t\t<\/div>\n\t\t\t\t<div class=\"elementor-element elementor-element-5bc8b34a elementor-invisible elementor-widget elementor-widget-text-editor\" data-id=\"5bc8b34a\" data-element_type=\"widget\" data-e-type=\"widget\" data-settings=\"{&quot;_animation&quot;:&quot;fadeIn&quot;}\" data-widget_type=\"text-editor.default\">\n\t\t\t\t<div class=\"elementor-widget-container\">\n\t\t\t\t\t\t\t\t\t<p>\u201eEs ist nicht der Unternehmer, der die L\u00f6hne zahlt, es ist das Produkt, das die L\u00f6hne zahlt..\u201c<\/p><p><strong>\u00a0<\/strong><\/p>\t\t\t\t\t\t\t\t<\/div>\n\t\t\t\t<\/div>\n\t\t\t\t\t<\/div>\n\t\t<\/div>\n\t\t\t\t<div class=\"elementor-column elementor-col-50 elementor-top-column elementor-element elementor-element-6175ee5e\" data-id=\"6175ee5e\" data-element_type=\"column\" data-e-type=\"column\" data-settings=\"{&quot;background_background&quot;:&quot;classic&quot;}\">\n\t\t\t<div class=\"elementor-widget-wrap elementor-element-populated\">\n\t\t\t\t\t\t<div class=\"elementor-element elementor-element-4890e80a elementor-widget elementor-widget-image\" data-id=\"4890e80a\" data-element_type=\"widget\" data-e-type=\"widget\" data-widget_type=\"image.default\">\n\t\t\t\t<div class=\"elementor-widget-container\">\n\t\t\t\t\t\t\t\t\t\t\t\t\t\t\t\t<a href=\"https:\/\/l-i-g.net\/wp-content\/uploads\/2020\/12\/Kerres-Konrad_klein-scaled.jpg\" data-elementor-open-lightbox=\"yes\" data-elementor-lightbox-title=\"Kerres Konrad_klein\" data-e-action-hash=\"#elementor-action%3Aaction%3Dlightbox%26settings%3DeyJpZCI6NDM3MCwidXJsIjoiaHR0cHM6XC9cL2wtaS1nLm5ldFwvd3AtY29udGVudFwvdXBsb2Fkc1wvMjAyMFwvMTJcL0tlcnJlcy1Lb25yYWRfa2xlaW4tc2NhbGVkLmpwZyJ9\">\n\t\t\t\t\t\t\t<img fetchpriority=\"high\" decoding=\"async\" width=\"200\" height=\"300\" src=\"https:\/\/l-i-g.net\/wp-content\/uploads\/2020\/12\/Kerres-Konrad_klein-200x300.jpg\" class=\"attachment-medium size-medium wp-image-4370\" alt=\"\" srcset=\"https:\/\/l-i-g.net\/wp-content\/uploads\/2020\/12\/Kerres-Konrad_klein-200x300.jpg 200w, https:\/\/l-i-g.net\/wp-content\/uploads\/2020\/12\/Kerres-Konrad_klein-682x1024.jpg 682w, https:\/\/l-i-g.net\/wp-content\/uploads\/2020\/12\/Kerres-Konrad_klein-768x1154.jpg 768w, https:\/\/l-i-g.net\/wp-content\/uploads\/2020\/12\/Kerres-Konrad_klein-1022x1536.jpg 1022w, https:\/\/l-i-g.net\/wp-content\/uploads\/2020\/12\/Kerres-Konrad_klein-1363x2048.jpg 1363w, https:\/\/l-i-g.net\/wp-content\/uploads\/2020\/12\/Kerres-Konrad_klein-8x12.jpg 8w, https:\/\/l-i-g.net\/wp-content\/uploads\/2020\/12\/Kerres-Konrad_klein-scaled.jpg 1704w\" sizes=\"(max-width: 200px) 100vw, 200px\" \/>\t\t\t\t\t\t\t\t<\/a>\n\t\t\t\t\t\t\t\t\t\t\t\t\t\t\t<\/div>\n\t\t\t\t<\/div>\n\t\t\t\t\t<\/div>\n\t\t<\/div>\n\t\t\t\t\t<\/div>\n\t\t<\/section>\n\t\t\t\t<section class=\"elementor-section elementor-top-section elementor-element elementor-element-fd29180 elementor-section-items-stretch elementor-section-content-bottom elementor-section-height-min-height elementor-section-boxed elementor-section-height-default\" data-id=\"fd29180\" data-element_type=\"section\" data-e-type=\"section\" id=\"CV\">\n\t\t\t\t\t\t<div class=\"elementor-container elementor-column-gap-default\">\n\t\t\t\t\t<div class=\"elementor-column elementor-col-100 elementor-top-column elementor-element elementor-element-60f81626\" data-id=\"60f81626\" data-element_type=\"column\" data-e-type=\"column\" data-settings=\"{&quot;background_background&quot;:&quot;classic&quot;}\">\n\t\t\t<div class=\"elementor-widget-wrap elementor-element-populated\">\n\t\t\t\t\t\t<section class=\"elementor-section elementor-inner-section elementor-element elementor-element-f03cbb2 elementor-section-full_width elementor-section-height-default elementor-section-height-default\" data-id=\"f03cbb2\" data-element_type=\"section\" data-e-type=\"section\">\n\t\t\t\t\t\t<div class=\"elementor-container elementor-column-gap-default\">\n\t\t\t\t\t<div class=\"elementor-column elementor-col-100 elementor-inner-column elementor-element elementor-element-f6f4552 animated-fast elementor-invisible\" data-id=\"f6f4552\" data-element_type=\"column\" data-e-type=\"column\" data-settings=\"{&quot;animation&quot;:&quot;fadeIn&quot;,&quot;animation_delay&quot;:&quot;200&quot;,&quot;animation_mobile&quot;:&quot;none&quot;}\">\n\t\t\t<div class=\"elementor-widget-wrap elementor-element-populated\">\n\t\t\t\t\t\t<div class=\"elementor-element elementor-element-2d8a6a6b elementor-widget elementor-widget-heading\" data-id=\"2d8a6a6b\" data-element_type=\"widget\" data-e-type=\"widget\" data-widget_type=\"heading.default\">\n\t\t\t\t<div class=\"elementor-widget-container\">\n\t\t\t\t\t<h3 class=\"elementor-heading-title elementor-size-default\">Berufliche Meilensteine<\/h3>\t\t\t\t<\/div>\n\t\t\t\t<\/div>\n\t\t\t\t<div class=\"elementor-element elementor-element-807e259 elementor-widget-divider--view-line elementor-widget elementor-widget-divider\" data-id=\"807e259\" data-element_type=\"widget\" data-e-type=\"widget\" data-widget_type=\"divider.default\">\n\t\t\t\t<div class=\"elementor-widget-container\">\n\t\t\t\t\t\t\t<div class=\"elementor-divider\">\n\t\t\t<span class=\"elementor-divider-separator\">\n\t\t\t\t\t\t<\/span>\n\t\t<\/div>\n\t\t\t\t\t\t<\/div>\n\t\t\t\t<\/div>\n\t\t\t\t<div class=\"elementor-element elementor-element-37c9fd08 elementor-invisible elementor-widget elementor-widget-text-editor\" data-id=\"37c9fd08\" data-element_type=\"widget\" data-e-type=\"widget\" data-settings=\"{&quot;_animation&quot;:&quot;fadeIn&quot;}\" data-widget_type=\"text-editor.default\">\n\t\t\t\t<div class=\"elementor-widget-container\">\n\t\t\t\t\t\t\t\t\t<p>Nach einem Maschinenbaustudium an der RWTH Aachen mit anschlie\u00dfender Promotion begann Konrad Kerres seinen beruflichen Weg in der Entsorgungswirtschaft.<\/p><p>In einem gro\u00dfen Konzern hatte er in der Folgezeit verschiedene leitende Funktionen im Bereich Technik und Projektmanagement inne. Anschlie\u00dfend war er als Gesch\u00e4ftsf\u00fchrer f\u00fcr einen Entsorgungsbetrieb mit mehreren Standorten verantwortlich.<\/p><p>Seit 2007 ist Konrad Kerres Gesch\u00e4ftsf\u00fchrer der LIG und hat entscheidend an der strategischen Ausrichtung mitgewirkt.<\/p>\t\t\t\t\t\t\t\t<\/div>\n\t\t\t\t<\/div>\n\t\t\t\t\t<\/div>\n\t\t<\/div>\n\t\t\t\t\t<\/div>\n\t\t<\/section>\n\t\t\t\t<div class=\"elementor-element elementor-element-2f364ad1 elementor-button-info elementor-align-center elementor-widget elementor-widget-button\" data-id=\"2f364ad1\" data-element_type=\"widget\" data-e-type=\"widget\" data-widget_type=\"button.default\">\n\t\t\t\t<div class=\"elementor-widget-container\">\n\t\t\t\t\t\t\t\t\t<div class=\"elementor-button-wrapper\">\n\t\t\t\t\t<a class=\"elementor-button elementor-button-link elementor-size-sm\" href=\"https:\/\/l-i-g.net\/strategie\/#Team\">\n\t\t\t\t\t\t<span class=\"elementor-button-content-wrapper\">\n\t\t\t\t\t\t\t\t\t<span class=\"elementor-button-text\">zur\u00fcck zum Team<\/span>\n\t\t\t\t\t<\/span>\n\t\t\t\t\t<\/a>\n\t\t\t\t<\/div>\n\t\t\t\t\t\t\t\t<\/div>\n\t\t\t\t<\/div>\n\t\t\t\t\t<\/div>\n\t\t<\/div>\n\t\t\t\t\t<\/div>\n\t\t<\/section>\n\t\t\t\t<section class=\"elementor-section elementor-top-section elementor-element elementor-element-26379a39 elementor-section-full_width elementor-section-height-default elementor-section-height-default\" data-id=\"26379a39\" data-element_type=\"section\" data-e-type=\"section\">\n\t\t\t\t\t\t<div class=\"elementor-container elementor-column-gap-default\">\n\t\t\t\t\t<div class=\"elementor-column elementor-col-20 elementor-top-column elementor-element elementor-element-127563f7\" data-id=\"127563f7\" data-element_type=\"column\" data-e-type=\"column\">\n\t\t\t<div class=\"elementor-widget-wrap\">\n\t\t\t\t\t\t\t<\/div>\n\t\t<\/div>\n\t\t\t\t<div class=\"elementor-column elementor-col-20 elementor-top-column elementor-element elementor-element-544b2ba4\" data-id=\"544b2ba4\" data-element_type=\"column\" data-e-type=\"column\">\n\t\t\t<div class=\"elementor-widget-wrap elementor-element-populated\">\n\t\t\t\t\t\t<div class=\"elementor-element elementor-element-164f92bd elementor-align-center elementor-widget elementor-widget-button\" data-id=\"164f92bd\" data-element_type=\"widget\" data-e-type=\"widget\" data-settings=\"{&quot;_animation&quot;:&quot;none&quot;}\" data-widget_type=\"button.default\">\n\t\t\t\t<div class=\"elementor-widget-container\">\n\t\t\t\t\t\t\t\t\t<div class=\"elementor-button-wrapper\">\n\t\t\t\t\t<a class=\"elementor-button elementor-button-link elementor-size-sm\" href=\"https:\/\/l-i-g.net\/quellennachweis\" target=\"_blank\">\n\t\t\t\t\t\t<span class=\"elementor-button-content-wrapper\">\n\t\t\t\t\t\t<span class=\"elementor-button-icon\">\n\t\t\t\t<i aria-hidden=\"true\" class=\"fas fa-id-card\"><\/i>\t\t\t<\/span>\n\t\t\t\t\t\t\t\t\t<span class=\"elementor-button-text\">Quellennachweis<\/span>\n\t\t\t\t\t<\/span>\n\t\t\t\t\t<\/a>\n\t\t\t\t<\/div>\n\t\t\t\t\t\t\t\t<\/div>\n\t\t\t\t<\/div>\n\t\t\t\t\t<\/div>\n\t\t<\/div>\n\t\t\t\t<div class=\"elementor-column elementor-col-20 elementor-top-column elementor-element elementor-element-3d83651d\" data-id=\"3d83651d\" data-element_type=\"column\" data-e-type=\"column\">\n\t\t\t<div class=\"elementor-widget-wrap elementor-element-populated\">\n\t\t\t\t\t\t<div class=\"elementor-element elementor-element-256662bd elementor-align-center elementor-widget elementor-widget-button\" data-id=\"256662bd\" data-element_type=\"widget\" data-e-type=\"widget\" data-settings=\"{&quot;_animation&quot;:&quot;none&quot;}\" data-widget_type=\"button.default\">\n\t\t\t\t<div class=\"elementor-widget-container\">\n\t\t\t\t\t\t\t\t\t<div class=\"elementor-button-wrapper\">\n\t\t\t\t\t<a class=\"elementor-button elementor-button-link elementor-size-sm\" href=\"https:\/\/l-i-g.net\/impressum\" target=\"_blank\" rel=\"nofollow\">\n\t\t\t\t\t\t<span class=\"elementor-button-content-wrapper\">\n\t\t\t\t\t\t<span class=\"elementor-button-icon\">\n\t\t\t\t<i aria-hidden=\"true\" class=\"fas fa-id-card\"><\/i>\t\t\t<\/span>\n\t\t\t\t\t\t\t\t\t<span class=\"elementor-button-text\">Impressum<\/span>\n\t\t\t\t\t<\/span>\n\t\t\t\t\t<\/a>\n\t\t\t\t<\/div>\n\t\t\t\t\t\t\t\t<\/div>\n\t\t\t\t<\/div>\n\t\t\t\t\t<\/div>\n\t\t<\/div>\n\t\t\t\t<div class=\"elementor-column elementor-col-20 elementor-top-column elementor-element elementor-element-473acf73\" data-id=\"473acf73\" data-element_type=\"column\" data-e-type=\"column\">\n\t\t\t<div class=\"elementor-widget-wrap elementor-element-populated\">\n\t\t\t\t\t\t<div class=\"elementor-element elementor-element-63f9c3a4 elementor-align-center elementor-widget elementor-widget-button\" data-id=\"63f9c3a4\" data-element_type=\"widget\" data-e-type=\"widget\" data-widget_type=\"button.default\">\n\t\t\t\t<div class=\"elementor-widget-container\">\n\t\t\t\t\t\t\t\t\t<div class=\"elementor-button-wrapper\">\n\t\t\t\t\t<a class=\"elementor-button elementor-button-link elementor-size-sm\" href=\"https:\/\/l-i-g.net\/hinweise-zum-datenschutz\" target=\"_blank\">\n\t\t\t\t\t\t<span class=\"elementor-button-content-wrapper\">\n\t\t\t\t\t\t<span class=\"elementor-button-icon\">\n\t\t\t\t<i aria-hidden=\"true\" class=\"fas fa-graduation-cap\"><\/i>\t\t\t<\/span>\n\t\t\t\t\t\t\t\t\t<span class=\"elementor-button-text\">Datenschutzhinweise<\/span>\n\t\t\t\t\t<\/span>\n\t\t\t\t\t<\/a>\n\t\t\t\t<\/div>\n\t\t\t\t\t\t\t\t<\/div>\n\t\t\t\t<\/div>\n\t\t\t\t\t<\/div>\n\t\t<\/div>\n\t\t\t\t<div class=\"elementor-column elementor-col-20 elementor-top-column elementor-element elementor-element-416d72f2\" data-id=\"416d72f2\" data-element_type=\"column\" data-e-type=\"column\">\n\t\t\t<div class=\"elementor-widget-wrap\">\n\t\t\t\t\t\t\t<\/div>\n\t\t<\/div>\n\t\t\t\t\t<\/div>\n\t\t<\/section>\n\t\t\t\t<\/div>\n\t\t","protected":false},"excerpt":{"rendered":"<p>Professional CV Konrad Kerres Dr.-Ing. \u201eEs ist nicht der Unternehmer, der die L\u00f6hne zahlt, es ist das Produkt, das die L\u00f6hne zahlt..\u201c \u00a0 Berufliche Meilensteine Nach einem Maschinenbaustudium an der RWTH Aachen mit anschlie\u00dfender Promotion begann Konrad Kerres seinen beruflichen Weg in der Entsorgungswirtschaft. In einem gro\u00dfen Konzern hatte er in der Folgezeit verschiedene leitende [&hellip;]<\/p>\n","protected":false},"author":2,"featured_media":0,"parent":0,"menu_order":0,"comment_status":"closed","ping_status":"closed","template":"elementor_canvas","meta":{"footnotes":""},"class_list":["post-2339","page","type-page","status-publish","hentry"],"yoast_head":"<!-- This site is optimized with the Yoast SEO plugin v27.4 - https:\/\/yoast.com\/product\/yoast-seo-wordpress\/ -->\n<title>Profil KK - LIG<\/title>\n<meta name=\"robots\" content=\"index, follow, max-snippet:-1, max-image-preview:large, max-video-preview:-1\" \/>\n<link rel=\"canonical\" href=\"https:\/\/l-i-g.net\/de\/profil-kk\/\" \/>\n<meta property=\"og:locale\" content=\"de_DE\" \/>\n<meta property=\"og:type\" content=\"article\" \/>\n<meta property=\"og:title\" content=\"Profil KK - LIG\" \/>\n<meta property=\"og:description\" content=\"Professional CV Konrad Kerres Dr.-Ing. \u201eEs ist nicht der Unternehmer, der die L\u00f6hne zahlt, es ist das Produkt, das die L\u00f6hne zahlt..\u201c \u00a0 Berufliche Meilensteine Nach einem Maschinenbaustudium an der RWTH Aachen mit anschlie\u00dfender Promotion begann Konrad Kerres seinen beruflichen Weg in der Entsorgungswirtschaft. In einem gro\u00dfen Konzern hatte er in der Folgezeit verschiedene leitende [&hellip;]\" \/>\n<meta property=\"og:url\" content=\"https:\/\/l-i-g.net\/de\/profil-kk\/\" \/>\n<meta property=\"og:site_name\" content=\"LIG\" \/>\n<meta property=\"article:modified_time\" content=\"2020-12-18T17:39:55+00:00\" \/>\n<meta property=\"og:image\" content=\"https:\/\/l-i-g.net\/wp-content\/uploads\/2020\/12\/Kerres-Konrad_klein-200x300.jpg\" \/>\n<meta name=\"twitter:card\" content=\"summary_large_image\" \/>\n<meta name=\"twitter:label1\" content=\"Gesch\u00e4tzte Lesezeit\" \/>\n\t<meta name=\"twitter:data1\" content=\"1\u00a0Minute\" \/>\n<script type=\"application\/ld+json\" class=\"yoast-schema-graph\">{\"@context\":\"https:\\\/\\\/schema.org\",\"@graph\":[{\"@type\":\"WebPage\",\"@id\":\"https:\\\/\\\/l-i-g.net\\\/de\\\/profil-kk\\\/\",\"url\":\"https:\\\/\\\/l-i-g.net\\\/de\\\/profil-kk\\\/\",\"name\":\"Profil KK - LIG\",\"isPartOf\":{\"@id\":\"https:\\\/\\\/l-i-g.net\\\/de\\\/#website\"},\"primaryImageOfPage\":{\"@id\":\"https:\\\/\\\/l-i-g.net\\\/de\\\/profil-kk\\\/#primaryimage\"},\"image\":{\"@id\":\"https:\\\/\\\/l-i-g.net\\\/de\\\/profil-kk\\\/#primaryimage\"},\"thumbnailUrl\":\"https:\\\/\\\/l-i-g.net\\\/wp-content\\\/uploads\\\/2020\\\/12\\\/Kerres-Konrad_klein-200x300.jpg\",\"datePublished\":\"2020-10-25T16:48:52+00:00\",\"dateModified\":\"2020-12-18T17:39:55+00:00\",\"breadcrumb\":{\"@id\":\"https:\\\/\\\/l-i-g.net\\\/de\\\/profil-kk\\\/#breadcrumb\"},\"inLanguage\":\"de\",\"potentialAction\":[{\"@type\":\"ReadAction\",\"target\":[\"https:\\\/\\\/l-i-g.net\\\/de\\\/profil-kk\\\/\"]}]},{\"@type\":\"ImageObject\",\"inLanguage\":\"de\",\"@id\":\"https:\\\/\\\/l-i-g.net\\\/de\\\/profil-kk\\\/#primaryimage\",\"url\":\"https:\\\/\\\/l-i-g.net\\\/wp-content\\\/uploads\\\/2020\\\/12\\\/Kerres-Konrad_klein-200x300.jpg\",\"contentUrl\":\"https:\\\/\\\/l-i-g.net\\\/wp-content\\\/uploads\\\/2020\\\/12\\\/Kerres-Konrad_klein-200x300.jpg\"},{\"@type\":\"BreadcrumbList\",\"@id\":\"https:\\\/\\\/l-i-g.net\\\/de\\\/profil-kk\\\/#breadcrumb\",\"itemListElement\":[{\"@type\":\"ListItem\",\"position\":1,\"name\":\"Startseite\",\"item\":\"https:\\\/\\\/l-i-g.net\\\/\"},{\"@type\":\"ListItem\",\"position\":2,\"name\":\"Profil KK\"}]},{\"@type\":\"WebSite\",\"@id\":\"https:\\\/\\\/l-i-g.net\\\/de\\\/#website\",\"url\":\"https:\\\/\\\/l-i-g.net\\\/de\\\/\",\"name\":\"LIG\",\"description\":\"Webpr\u00e4senz Langenberger Innovation Group\",\"publisher\":{\"@id\":\"https:\\\/\\\/l-i-g.net\\\/de\\\/#organization\"},\"potentialAction\":[{\"@type\":\"SearchAction\",\"target\":{\"@type\":\"EntryPoint\",\"urlTemplate\":\"https:\\\/\\\/l-i-g.net\\\/de\\\/?s={search_term_string}\"},\"query-input\":{\"@type\":\"PropertyValueSpecification\",\"valueRequired\":true,\"valueName\":\"search_term_string\"}}],\"inLanguage\":\"de\"},{\"@type\":\"Organization\",\"@id\":\"https:\\\/\\\/l-i-g.net\\\/de\\\/#organization\",\"name\":\"Langenberger-Innovation-Group\",\"url\":\"https:\\\/\\\/l-i-g.net\\\/de\\\/\",\"logo\":{\"@type\":\"ImageObject\",\"inLanguage\":\"de\",\"@id\":\"https:\\\/\\\/l-i-g.net\\\/de\\\/#\\\/schema\\\/logo\\\/image\\\/\",\"url\":\"https:\\\/\\\/l-i-g.net\\\/wp-content\\\/uploads\\\/2020\\\/08\\\/LIG_Logo-RGB-FINAL.jpg\",\"contentUrl\":\"https:\\\/\\\/l-i-g.net\\\/wp-content\\\/uploads\\\/2020\\\/08\\\/LIG_Logo-RGB-FINAL.jpg\",\"width\":858,\"height\":626,\"caption\":\"Langenberger-Innovation-Group\"},\"image\":{\"@id\":\"https:\\\/\\\/l-i-g.net\\\/de\\\/#\\\/schema\\\/logo\\\/image\\\/\"}}]}<\/script>\n<!-- \/ Yoast SEO plugin. -->","yoast_head_json":{"title":"Profil KK - LIG","robots":{"index":"index","follow":"follow","max-snippet":"max-snippet:-1","max-image-preview":"max-image-preview:large","max-video-preview":"max-video-preview:-1"},"canonical":"https:\/\/l-i-g.net\/de\/profil-kk\/","og_locale":"de_DE","og_type":"article","og_title":"Profil KK - LIG","og_description":"Professional CV Konrad Kerres Dr.-Ing. \u201eEs ist nicht der Unternehmer, der die L\u00f6hne zahlt, es ist das Produkt, das die L\u00f6hne zahlt..\u201c \u00a0 Berufliche Meilensteine Nach einem Maschinenbaustudium an der RWTH Aachen mit anschlie\u00dfender Promotion begann Konrad Kerres seinen beruflichen Weg in der Entsorgungswirtschaft. In einem gro\u00dfen Konzern hatte er in der Folgezeit verschiedene leitende [&hellip;]","og_url":"https:\/\/l-i-g.net\/de\/profil-kk\/","og_site_name":"LIG","article_modified_time":"2020-12-18T17:39:55+00:00","og_image":[{"url":"https:\/\/l-i-g.net\/wp-content\/uploads\/2020\/12\/Kerres-Konrad_klein-200x300.jpg","type":"","width":"","height":""}],"twitter_card":"summary_large_image","twitter_misc":{"Gesch\u00e4tzte Lesezeit":"1\u00a0Minute"},"schema":{"@context":"https:\/\/schema.org","@graph":[{"@type":"WebPage","@id":"https:\/\/l-i-g.net\/de\/profil-kk\/","url":"https:\/\/l-i-g.net\/de\/profil-kk\/","name":"Profil KK - LIG","isPartOf":{"@id":"https:\/\/l-i-g.net\/de\/#website"},"primaryImageOfPage":{"@id":"https:\/\/l-i-g.net\/de\/profil-kk\/#primaryimage"},"image":{"@id":"https:\/\/l-i-g.net\/de\/profil-kk\/#primaryimage"},"thumbnailUrl":"https:\/\/l-i-g.net\/wp-content\/uploads\/2020\/12\/Kerres-Konrad_klein-200x300.jpg","datePublished":"2020-10-25T16:48:52+00:00","dateModified":"2020-12-18T17:39:55+00:00","breadcrumb":{"@id":"https:\/\/l-i-g.net\/de\/profil-kk\/#breadcrumb"},"inLanguage":"de","potentialAction":[{"@type":"ReadAction","target":["https:\/\/l-i-g.net\/de\/profil-kk\/"]}]},{"@type":"ImageObject","inLanguage":"de","@id":"https:\/\/l-i-g.net\/de\/profil-kk\/#primaryimage","url":"https:\/\/l-i-g.net\/wp-content\/uploads\/2020\/12\/Kerres-Konrad_klein-200x300.jpg","contentUrl":"https:\/\/l-i-g.net\/wp-content\/uploads\/2020\/12\/Kerres-Konrad_klein-200x300.jpg"},{"@type":"BreadcrumbList","@id":"https:\/\/l-i-g.net\/de\/profil-kk\/#breadcrumb","itemListElement":[{"@type":"ListItem","position":1,"name":"Startseite","item":"https:\/\/l-i-g.net\/"},{"@type":"ListItem","position":2,"name":"Profil KK"}]},{"@type":"WebSite","@id":"https:\/\/l-i-g.net\/de\/#website","url":"https:\/\/l-i-g.net\/de\/","name":"LIG","description":"Webpr\u00e4senz Langenberger Innovation Group","publisher":{"@id":"https:\/\/l-i-g.net\/de\/#organization"},"potentialAction":[{"@type":"SearchAction","target":{"@type":"EntryPoint","urlTemplate":"https:\/\/l-i-g.net\/de\/?s={search_term_string}"},"query-input":{"@type":"PropertyValueSpecification","valueRequired":true,"valueName":"search_term_string"}}],"inLanguage":"de"},{"@type":"Organization","@id":"https:\/\/l-i-g.net\/de\/#organization","name":"Langenberger-Innovation-Group","url":"https:\/\/l-i-g.net\/de\/","logo":{"@type":"ImageObject","inLanguage":"de","@id":"https:\/\/l-i-g.net\/de\/#\/schema\/logo\/image\/","url":"https:\/\/l-i-g.net\/wp-content\/uploads\/2020\/08\/LIG_Logo-RGB-FINAL.jpg","contentUrl":"https:\/\/l-i-g.net\/wp-content\/uploads\/2020\/08\/LIG_Logo-RGB-FINAL.jpg","width":858,"height":626,"caption":"Langenberger-Innovation-Group"},"image":{"@id":"https:\/\/l-i-g.net\/de\/#\/schema\/logo\/image\/"}}]}},"_links":{"self":[{"href":"https:\/\/l-i-g.net\/de\/wp-json\/wp\/v2\/pages\/2339","targetHints":{"allow":["GET"]}}],"collection":[{"href":"https:\/\/l-i-g.net\/de\/wp-json\/wp\/v2\/pages"}],"about":[{"href":"https:\/\/l-i-g.net\/de\/wp-json\/wp\/v2\/types\/page"}],"author":[{"embeddable":true,"href":"https:\/\/l-i-g.net\/de\/wp-json\/wp\/v2\/users\/2"}],"replies":[{"embeddable":true,"href":"https:\/\/l-i-g.net\/de\/wp-json\/wp\/v2\/comments?post=2339"}],"version-history":[{"count":0,"href":"https:\/\/l-i-g.net\/de\/wp-json\/wp\/v2\/pages\/2339\/revisions"}],"wp:attachment":[{"href":"https:\/\/l-i-g.net\/de\/wp-json\/wp\/v2\/media?parent=2339"}],"curies":[{"name":"wp","href":"https:\/\/api.w.org\/{rel}","templated":true}]}}